{"id":1226,"date":"2022-01-28T01:07:26","date_gmt":"2022-01-28T01:07:26","guid":{"rendered":"https:\/\/www.sigradi.org\/sigradi2022\/?page_id=1226"},"modified":"2022-06-30T16:49:46","modified_gmt":"2022-06-30T16:49:46","slug":"nosotros","status":"publish","type":"page","link":"https:\/\/www.sigradi.org\/sigradi2022\/nosotros\/","title":{"rendered":"Nosotros"},"content":{"rendered":"\t\t<div data-elementor-type=\"wp-page\" data-elementor-id=\"1226\" class=\"elementor elementor-1226\" data-elementor-post-type=\"page\">\n\t\t\t\t\t\t<section class=\"elementor-section elementor-top-section elementor-element elementor-element-adc0d76 elementor-section-boxed elementor-section-height-default elementor-section-height-default\" data-id=\"adc0d76\" data-element_type=\"section\" id=\"scrollup\">\n\t\t\t\t\t\t<div class=\"elementor-container elementor-column-gap-default\">\n\t\t\t\t\t<div class=\"elementor-column elementor-col-50 elementor-top-column elementor-element elementor-element-58f9337e\" data-id=\"58f9337e\" data-element_type=\"column\">\n\t\t\t<div class=\"elementor-widget-wrap elementor-element-populated\">\n\t\t\t\t\t\t<div class=\"elementor-element elementor-element-52348946 elementor-widget elementor-widget-heading\" data-id=\"52348946\" data-element_type=\"widget\" data-widget_type=\"heading.default\">\n\t\t\t\t<div class=\"elementor-widget-container\">\n\t\t\t\t\t<h2 class=\"elementor-heading-title elementor-size-default\">Las Conferencias de SIGRaDi<\/h2>\t\t\t\t<\/div>\n\t\t\t\t<\/div>\n\t\t\t\t<div class=\"elementor-element elementor-element-d38b0f1 elementor-pagination-position-outside elementor-widget__width-inherit elementor--h-position-center elementor--v-position-middle elementor-arrows-position-inside elementor-widget elementor-widget-slides\" data-id=\"d38b0f1\" data-element_type=\"widget\" data-settings=\"{&quot;navigation&quot;:&quot;both&quot;,&quot;autoplay&quot;:&quot;yes&quot;,&quot;pause_on_hover&quot;:&quot;yes&quot;,&quot;pause_on_interaction&quot;:&quot;yes&quot;,&quot;autoplay_speed&quot;:5000,&quot;infinite&quot;:&quot;yes&quot;,&quot;transition&quot;:&quot;slide&quot;,&quot;transition_speed&quot;:500}\" data-widget_type=\"slides.default\">\n\t\t\t\t<div class=\"elementor-widget-container\">\n\t\t\t\t\t\t\t\t\t<div class=\"elementor-swiper\">\n\t\t\t\t\t<div class=\"elementor-slides-wrapper elementor-main-swiper swiper\" role=\"region\" aria-roledescription=\"carousel\" aria-label=\"Slides\" dir=\"ltr\" data-animation=\"fadeInUp\">\n\t\t\t\t<div class=\"swiper-wrapper elementor-slides\">\n\t\t\t\t\t\t\t\t\t\t<div class=\"elementor-repeater-item-b7eee5b swiper-slide\" role=\"group\" aria-roledescription=\"slide\"><div class=\"swiper-slide-bg\" role=\"img\" aria-label=\"SIGraDi #25_0911_P\u00e1gina_081\"><\/div><div class=\"swiper-slide-inner\" ><div class=\"swiper-slide-contents\"><\/div><\/div><\/div><div class=\"elementor-repeater-item-8fea418 swiper-slide\" role=\"group\" aria-roledescription=\"slide\"><div class=\"swiper-slide-bg\" role=\"img\" aria-label=\"SIGraDi #25_0911_P\u00e1gina_002\"><\/div><div class=\"swiper-slide-inner\" ><div class=\"swiper-slide-contents\"><\/div><\/div><\/div><div class=\"elementor-repeater-item-a758768 swiper-slide\" role=\"group\" aria-roledescription=\"slide\"><div class=\"swiper-slide-bg\" role=\"img\" aria-label=\"SIGraDi #25_0911_P\u00e1gina_003\"><\/div><div class=\"swiper-slide-inner\" ><div class=\"swiper-slide-contents\"><\/div><\/div><\/div><div class=\"elementor-repeater-item-1082929 swiper-slide\" role=\"group\" aria-roledescription=\"slide\"><div class=\"swiper-slide-bg\" role=\"img\" aria-label=\"SIGraDi #25_0911_P\u00e1gina_004\"><\/div><div class=\"swiper-slide-inner\" ><div class=\"swiper-slide-contents\"><\/div><\/div><\/div><div class=\"elementor-repeater-item-ccf81a4 swiper-slide\" role=\"group\" aria-roledescription=\"slide\"><div class=\"swiper-slide-bg\" role=\"img\" aria-label=\"SIGraDi #25_0911_P\u00e1gina_005\"><\/div><div class=\"swiper-slide-inner\" ><div class=\"swiper-slide-contents\"><\/div><\/div><\/div><div class=\"elementor-repeater-item-acc47dc swiper-slide\" role=\"group\" aria-roledescription=\"slide\"><div class=\"swiper-slide-bg\" role=\"img\" aria-label=\"SIGraDi #25_0911_P\u00e1gina_006\"><\/div><div class=\"swiper-slide-inner\" ><div class=\"swiper-slide-contents\"><\/div><\/div><\/div><div class=\"elementor-repeater-item-f94751f swiper-slide\" role=\"group\" aria-roledescription=\"slide\"><div class=\"swiper-slide-bg\" role=\"img\" aria-label=\"SIGraDi #25_0911_P\u00e1gina_007\"><\/div><div class=\"swiper-slide-inner\" ><div class=\"swiper-slide-contents\"><\/div><\/div><\/div>\t\t\t\t<\/div>\n\t\t\t\t\t\t\t\t\t\t\t\t\t\t\t<div class=\"elementor-swiper-button elementor-swiper-button-prev\" role=\"button\" tabindex=\"0\" aria-label=\"Previous slide\">\n\t\t\t\t\t\t\t<i aria-hidden=\"true\" class=\"eicon-chevron-left\"><\/i>\t\t\t\t\t\t<\/div>\n\t\t\t\t\t\t<div class=\"elementor-swiper-button elementor-swiper-button-next\" role=\"button\" tabindex=\"0\" aria-label=\"Next slide\">\n\t\t\t\t\t\t\t<i aria-hidden=\"true\" class=\"eicon-chevron-right\"><\/i>\t\t\t\t\t\t<\/div>\n\t\t\t\t\t\t\t\t\t\t\t\t\t\t\t\t<div class=\"swiper-pagination\"><\/div>\n\t\t\t\t\t\t\t\t\t\t\t\t<\/div>\n\t\t\t\t<\/div>\n\t\t\t\t\t\t\t\t<\/div>\n\t\t\t\t<\/div>\n\t\t\t\t<div class=\"elementor-element elementor-element-384a4919 elementor-widget elementor-widget-text-editor\" data-id=\"384a4919\" data-element_type=\"widget\" data-widget_type=\"text-editor.default\">\n\t\t\t\t<div class=\"elementor-widget-container\">\n\t\t\t\t\t\t\t\t\t<p>La conferencia anual es el principal evento que promueve SIGraDi y est\u00e1 organizada por una instituci\u00f3n voluntaria con experiencia y trayectoria acad\u00e9mica, quien postula dos a\u00f1os antes de la futura conferencia. El Comit\u00e9 Ejecutivo Internacional es responsable de asesorar y asistir al Comit\u00e9 Organizador Local a trav\u00e9s de la Vicepresidencia de Relaciones Internacionales. Desde hace 25 a\u00f1os\u00a0<a style=\"background-color: #ffffff;\" href=\"http:\/\/www.livrosabertos.sibi.usp.br\/portaldelivrosUSP\/catalog\/book\/751\">(SIGraDi#25)<\/a>,\u00a0las conferencias SIGraDi se han realizado de forma presencial en diecinueve ciudades latinoamericanas (1997-2018) y en una ciudad europea (2019). En los \u00faltimos dos a\u00f1os las conferencias se realizaron de manera remota y ubicua (2020-2021).<\/p><p>Los art\u00edculos completos presentados a las conferencias de SIGraDi est\u00e1n disponibles en las bases de datos\u00a0\u00a0<a style=\"background-color: #ffffff;\" href=\"https:\/\/www.proceedings.blucher.com.br\/article-list\/sigradi2020-351\/list#articles\">Blucher Design Proceedings<\/a>\u00a0y\u00a0<a style=\"background-color: #ffffff;\" href=\"http:\/\/papers.cumincad.org\/\">CumInCAD<\/a>. Despu\u00e9s de la conferencia, el Comit\u00e9 Editorial de SIGraDi, invitar\u00e1 a los autores con las puntuaciones m\u00e1s altas a preparar una versi\u00f3n extendida de sus art\u00edculos para el\u00a0<a style=\"background-color: #ffffff;\" href=\"https:\/\/journals.sagepub.com\/toc\/jaca\/19\/2\">International Journal of Architectural Computing<\/a>\u00a0(IJAC), publicada por SAGE Journal, as\u00ed como para la revista\u00a0<a style=\"background-color: #ffffff;\" href=\"https:\/\/www.revistas.usp.br\/gestaodeprojetos\/issue\/view\/12169\">Gest\u00e3o &amp; Tecnologia de Projetos<\/a>\u00a0publicada por la Universidade de S\u00e3o Paulo.<\/p>\t\t\t\t\t\t\t\t<\/div>\n\t\t\t\t<\/div>\n\t\t\t\t<div class=\"elementor-element elementor-element-86931f4 elementor-widget elementor-widget-heading\" data-id=\"86931f4\" data-element_type=\"widget\" data-widget_type=\"heading.default\">\n\t\t\t\t<div class=\"elementor-widget-container\">\n\t\t\t\t\t<h2 class=\"elementor-heading-title elementor-size-default\">acerca de SIGRaDi<\/h2>\t\t\t\t<\/div>\n\t\t\t\t<\/div>\n\t\t\t\t<div class=\"elementor-element elementor-element-51469592 elementor-widget elementor-widget-text-editor\" data-id=\"51469592\" data-element_type=\"widget\" data-widget_type=\"text-editor.default\">\n\t\t\t\t<div class=\"elementor-widget-container\">\n\t\t\t\t\t\t\t\t\t<p>La Sociedad Iberoamericana de Gr\u00e1fica Digital (<a href=\"https:\/\/www.sigradi.org\/\" style=\"background-color: rgb(255, 255, 255); outline: 0px;\">SIGraDi<\/a>), fundada en 1997, es una organizaci\u00f3n sin fines de lucro que tiene como prop\u00f3sito promover la difusi\u00f3n y el intercambio de ideas en computaci\u00f3n gr\u00e1fica y tecnolog\u00edas emergentes en la pr\u00e1ctica profesional, educaci\u00f3n e investigaci\u00f3n en Arquitectura, Dise\u00f1o, Arte y disciplinas asociadas. SIGraDi, comparte los mismos intereses que sus sociedades hermanas ASCAAD, ACADIA, CAADRIA y eCAADe. La Sociedad est\u00e1 representada por la Asamblea General y el Comit\u00e9 Ejecutivo Internacional a cargo de su conducci\u00f3n. Los idiomas oficiales de SIGraDi son espa\u00f1ol, portugu\u00e9s e ingl\u00e9s, y su domicilio legal est\u00e1 fijado en Montevideo, Uruguay.<\/p>\t\t\t\t\t\t\t\t<\/div>\n\t\t\t\t<\/div>\n\t\t\t\t<div class=\"elementor-element elementor-element-1114845c elementor-widget elementor-widget-heading\" data-id=\"1114845c\" data-element_type=\"widget\" data-widget_type=\"heading.default\">\n\t\t\t\t<div class=\"elementor-widget-container\">\n\t\t\t\t\t<h2 class=\"elementor-heading-title elementor-size-default\">Autoridades<\/h2>\t\t\t\t<\/div>\n\t\t\t\t<\/div>\n\t\t\t\t<div class=\"elementor-element elementor-element-3f757a82 elementor-widget elementor-widget-text-editor\" data-id=\"3f757a82\" data-element_type=\"widget\" data-widget_type=\"text-editor.default\">\n\t\t\t\t<div class=\"elementor-widget-container\">\n\t\t\t\t\t\t\t\t\t<p><strong>Comit\u00e9 Ejecutivo Internacional 2021-2022<\/strong><br \/>Marcelo Bernal (Presidente) | Perkins&amp;Will | <strong>Chile<\/strong>\/<strong>USA<\/strong><br \/>David M. Sperling | Universidade de S\u00e3o Paulo | <strong>Brazil<\/strong><br \/>Gon\u00e7alo Castro Henriques | Universidade Federal do Rio de Janeiro | <strong>Brazil<\/strong><br \/>Silvia Patricia Hern\u00e1ndez | Universidad\u00a0 Nacional de C\u00f3rdova |<strong> Argentina<\/strong><br \/>Viviana Hernaiz | MATERIAL Digital Design Studio | <strong>Bolivia<\/strong>\/<strong>USA<\/strong><br \/>Underl\u00e9a Bruscato | Universidade Federal de Rio Grande do Sul | <strong>Brazil<\/strong><br \/>David Torreblanca | Universidad Pontificia Bolivariana | <strong>Colombia<\/strong><br \/>Mauricio Loyola | Universidad de Chile | <strong>Chile<\/strong><br \/>Fernando Lima | <span style=\"font-style: inherit; font-weight: inherit; color: var(--ast-global-color-3);\">Belmont University | <strong>United States<\/strong><\/span><br \/>Alberto Fernandez | Universidade de Chile | <strong>Chile<\/strong><\/p><p><strong>Comit\u00e9 Asesor 2021-2022<\/strong><br \/>Frederico Braida, Universidade Federal de Juiz de Fora | <strong>Brazil<\/strong><br \/>Pedro Soza | Universidad de Chile | <strong>Chile<\/strong><br \/>Rodrigo Martin-Iglesias | Universidad de Buenos Aires | <strong>Argentina<\/strong><\/p><p><strong>Miembro Suplente 2021-2022<br \/><\/strong>Paulo Fonseca de Campos |\u00a0<span style=\"color: var(--ast-global-color-3); font-size: 1rem;\">Universidade de S\u00e3o Paulo |<\/span><span style=\"color: var(--ast-global-color-3); font-size: 1rem;\">\u00a0<\/span><span style=\"color: var(--ast-global-color-3); font-size: 1rem; font-weight: bold;\">Brazil<\/span><\/p>\t\t\t\t\t\t\t\t<\/div>\n\t\t\t\t<\/div>\n\t\t\t\t\t<\/div>\n\t\t<\/div>\n\t\t\t\t<div class=\"elementor-column elementor-col-50 elementor-top-column elementor-element elementor-element-79813453\" data-id=\"79813453\" data-element_type=\"column\">\n\t\t\t<div class=\"elementor-widget-wrap elementor-element-populated\">\n\t\t\t\t\t\t<section class=\"elementor-section elementor-inner-section elementor-element elementor-element-7bfdfde elementor-section-boxed elementor-section-height-default elementor-section-height-default\" data-id=\"7bfdfde\" data-element_type=\"section\">\n\t\t\t\t\t\t<div class=\"elementor-container elementor-column-gap-default\">\n\t\t\t\t\t<div class=\"elementor-column elementor-col-50 elementor-inner-column elementor-element elementor-element-eef36de\" data-id=\"eef36de\" data-element_type=\"column\">\n\t\t\t<div class=\"elementor-widget-wrap\">\n\t\t\t\t\t\t\t<\/div>\n\t\t<\/div>\n\t\t\t\t<div class=\"elementor-column elementor-col-50 elementor-inner-column elementor-element elementor-element-b111cc4\" data-id=\"b111cc4\" data-element_type=\"column\">\n\t\t\t<div class=\"elementor-widget-wrap elementor-element-populated\">\n\t\t\t\t\t\t<div class=\"elementor-element elementor-element-8518f90 elementor-widget elementor-widget-heading\" data-id=\"8518f90\" data-element_type=\"widget\" data-widget_type=\"heading.default\">\n\t\t\t\t<div class=\"elementor-widget-container\">\n\t\t\t\t\t<h4 class=\"elementor-heading-title elementor-size-default\">instituci\u00f3n sede 2022<\/h4>\t\t\t\t<\/div>\n\t\t\t\t<\/div>\n\t\t\t\t<div class=\"elementor-element elementor-element-07d28a2 elementor-widget elementor-widget-image\" data-id=\"07d28a2\" data-element_type=\"widget\" data-widget_type=\"image.default\">\n\t\t\t\t<div class=\"elementor-widget-container\">\n\t\t\t\t\t\t\t\t\t\t\t\t\t\t\t\t<a href=\"https:\/\/www.upc.edu.pe\/en\/\">\n\t\t\t\t\t\t\t<img fetchpriority=\"high\" decoding=\"async\" width=\"1024\" height=\"376\" src=\"https:\/\/www.sigradi.org\/sigradi2022\/wp-content\/uploads\/2022\/01\/UPC_LOGO_VARIANTE_HOR-1024x376.png\" class=\"attachment-large size-large wp-image-852\" alt=\"\" srcset=\"https:\/\/www.sigradi.org\/sigradi2022\/wp-content\/uploads\/2022\/01\/UPC_LOGO_VARIANTE_HOR-1024x376.png 1024w, https:\/\/www.sigradi.org\/sigradi2022\/wp-content\/uploads\/2022\/01\/UPC_LOGO_VARIANTE_HOR-600x220.png 600w, https:\/\/www.sigradi.org\/sigradi2022\/wp-content\/uploads\/2022\/01\/UPC_LOGO_VARIANTE_HOR-300x110.png 300w, https:\/\/www.sigradi.org\/sigradi2022\/wp-content\/uploads\/2022\/01\/UPC_LOGO_VARIANTE_HOR-768x282.png 768w, https:\/\/www.sigradi.org\/sigradi2022\/wp-content\/uploads\/2022\/01\/UPC_LOGO_VARIANTE_HOR-1536x564.png 1536w, https:\/\/www.sigradi.org\/sigradi2022\/wp-content\/uploads\/2022\/01\/UPC_LOGO_VARIANTE_HOR-2048x752.png 2048w\" sizes=\"(max-width: 1024px) 100vw, 1024px\" \/>\t\t\t\t\t\t\t\t<\/a>\n\t\t\t\t\t\t\t\t\t\t\t\t\t\t\t<\/div>\n\t\t\t\t<\/div>\n\t\t\t\t<div class=\"elementor-element elementor-element-2de7768 elementor-widget-divider--view-line elementor-widget elementor-widget-divider\" data-id=\"2de7768\" data-element_type=\"widget\" data-widget_type=\"divider.default\">\n\t\t\t\t<div class=\"elementor-widget-container\">\n\t\t\t\t\t\t\t<div class=\"elementor-divider\">\n\t\t\t<span class=\"elementor-divider-separator\">\n\t\t\t\t\t\t<\/span>\n\t\t<\/div>\n\t\t\t\t\t\t<\/div>\n\t\t\t\t<\/div>\n\t\t\t\t<div class=\"elementor-element elementor-element-350521f elementor-widget elementor-widget-heading\" data-id=\"350521f\" data-element_type=\"widget\" data-widget_type=\"heading.default\">\n\t\t\t\t<div class=\"elementor-widget-container\">\n\t\t\t\t\t<h4 class=\"elementor-heading-title elementor-size-default\">sociedades hermanas<\/h4>\t\t\t\t<\/div>\n\t\t\t\t<\/div>\n\t\t\t\t<div class=\"elementor-element elementor-element-a2d731e elementor-widget elementor-widget-image\" data-id=\"a2d731e\" data-element_type=\"widget\" data-widget_type=\"image.default\">\n\t\t\t\t<div class=\"elementor-widget-container\">\n\t\t\t\t\t\t\t\t\t\t\t\t\t\t\t\t<a href=\"http:\/\/acadia.org\/\">\n\t\t\t\t\t\t\t<img decoding=\"async\" width=\"800\" height=\"274\" src=\"https:\/\/www.sigradi.org\/sigradi2022\/wp-content\/uploads\/2022\/03\/acadia_logo-1-copia.png\" class=\"attachment-large size-large wp-image-2335\" alt=\"\" srcset=\"https:\/\/www.sigradi.org\/sigradi2022\/wp-content\/uploads\/2022\/03\/acadia_logo-1-copia.png 800w, https:\/\/www.sigradi.org\/sigradi2022\/wp-content\/uploads\/2022\/03\/acadia_logo-1-copia-600x206.png 600w, https:\/\/www.sigradi.org\/sigradi2022\/wp-content\/uploads\/2022\/03\/acadia_logo-1-copia-300x103.png 300w, https:\/\/www.sigradi.org\/sigradi2022\/wp-content\/uploads\/2022\/03\/acadia_logo-1-copia-768x263.png 768w\" sizes=\"(max-width: 800px) 100vw, 800px\" \/>\t\t\t\t\t\t\t\t<\/a>\n\t\t\t\t\t\t\t\t\t\t\t\t\t\t\t<\/div>\n\t\t\t\t<\/div>\n\t\t\t\t<div class=\"elementor-element elementor-element-d5da29a elementor-widget elementor-widget-image\" data-id=\"d5da29a\" data-element_type=\"widget\" data-widget_type=\"image.default\">\n\t\t\t\t<div class=\"elementor-widget-container\">\n\t\t\t\t\t\t\t\t\t\t\t\t\t\t\t\t<a href=\"https:\/\/www.ascaad.org\/\">\n\t\t\t\t\t\t\t<img decoding=\"async\" width=\"352\" height=\"110\" src=\"https:\/\/www.sigradi.org\/sigradi2022\/wp-content\/uploads\/2022\/03\/Logo-ASCAAD-copia.png\" class=\"attachment-large size-large wp-image-2338\" alt=\"\" srcset=\"https:\/\/www.sigradi.org\/sigradi2022\/wp-content\/uploads\/2022\/03\/Logo-ASCAAD-copia.png 352w, https:\/\/www.sigradi.org\/sigradi2022\/wp-content\/uploads\/2022\/03\/Logo-ASCAAD-copia-300x94.png 300w\" sizes=\"(max-width: 352px) 100vw, 352px\" \/>\t\t\t\t\t\t\t\t<\/a>\n\t\t\t\t\t\t\t\t\t\t\t\t\t\t\t<\/div>\n\t\t\t\t<\/div>\n\t\t\t\t<div class=\"elementor-element elementor-element-5d91bf5 elementor-widget elementor-widget-image\" data-id=\"5d91bf5\" data-element_type=\"widget\" data-widget_type=\"image.default\">\n\t\t\t\t<div class=\"elementor-widget-container\">\n\t\t\t\t\t\t\t\t\t\t\t\t\t\t\t\t<a href=\"https:\/\/www.caadria.org\/\">\n\t\t\t\t\t\t\t<img loading=\"lazy\" decoding=\"async\" width=\"737\" height=\"221\" src=\"https:\/\/www.sigradi.org\/sigradi2022\/wp-content\/uploads\/2022\/03\/CAADRIA_Logo_Icon_compact2.png\" class=\"attachment-large size-large wp-image-2340\" alt=\"\" srcset=\"https:\/\/www.sigradi.org\/sigradi2022\/wp-content\/uploads\/2022\/03\/CAADRIA_Logo_Icon_compact2.png 737w, https:\/\/www.sigradi.org\/sigradi2022\/wp-content\/uploads\/2022\/03\/CAADRIA_Logo_Icon_compact2-600x180.png 600w, https:\/\/www.sigradi.org\/sigradi2022\/wp-content\/uploads\/2022\/03\/CAADRIA_Logo_Icon_compact2-300x90.png 300w\" sizes=\"(max-width: 737px) 100vw, 737px\" \/>\t\t\t\t\t\t\t\t<\/a>\n\t\t\t\t\t\t\t\t\t\t\t\t\t\t\t<\/div>\n\t\t\t\t<\/div>\n\t\t\t\t<div class=\"elementor-element elementor-element-17dbd05 elementor-widget elementor-widget-image\" data-id=\"17dbd05\" data-element_type=\"widget\" data-widget_type=\"image.default\">\n\t\t\t\t<div class=\"elementor-widget-container\">\n\t\t\t\t\t\t\t\t\t\t\t\t\t\t\t\t<a href=\"http:\/\/ecaade.org\/\">\n\t\t\t\t\t\t\t<img loading=\"lazy\" decoding=\"async\" width=\"955\" height=\"257\" src=\"https:\/\/www.sigradi.org\/sigradi2022\/wp-content\/uploads\/2022\/03\/Logo-Ecaade-2.png\" class=\"attachment-large size-large wp-image-2341\" alt=\"\" srcset=\"https:\/\/www.sigradi.org\/sigradi2022\/wp-content\/uploads\/2022\/03\/Logo-Ecaade-2.png 955w, https:\/\/www.sigradi.org\/sigradi2022\/wp-content\/uploads\/2022\/03\/Logo-Ecaade-2-600x161.png 600w, https:\/\/www.sigradi.org\/sigradi2022\/wp-content\/uploads\/2022\/03\/Logo-Ecaade-2-300x81.png 300w, https:\/\/www.sigradi.org\/sigradi2022\/wp-content\/uploads\/2022\/03\/Logo-Ecaade-2-768x207.png 768w\" sizes=\"(max-width: 955px) 100vw, 955px\" \/>\t\t\t\t\t\t\t\t<\/a>\n\t\t\t\t\t\t\t\t\t\t\t\t\t\t\t<\/div>\n\t\t\t\t<\/div>\n\t\t\t\t<div class=\"elementor-element elementor-element-f9330e9 elementor-widget elementor-widget-image\" data-id=\"f9330e9\" data-element_type=\"widget\" data-widget_type=\"image.default\">\n\t\t\t\t<div class=\"elementor-widget-container\">\n\t\t\t\t\t\t\t\t\t\t\t\t\t\t\t\t<a href=\"https:\/\/sites.google.com\/unicamp.br\/caadfutures\/\">\n\t\t\t\t\t\t\t<img loading=\"lazy\" decoding=\"async\" width=\"187\" height=\"100\" src=\"https:\/\/www.sigradi.org\/sigradi2022\/wp-content\/uploads\/2022\/03\/CAADFutures-2.gif\" class=\"attachment-large size-large wp-image-2336\" alt=\"\" \/>\t\t\t\t\t\t\t\t<\/a>\n\t\t\t\t\t\t\t\t\t\t\t\t\t\t\t<\/div>\n\t\t\t\t<\/div>\n\t\t\t\t<div class=\"elementor-element elementor-element-6d5b103 elementor-widget elementor-widget-heading\" data-id=\"6d5b103\" data-element_type=\"widget\" data-widget_type=\"heading.default\">\n\t\t\t\t<div class=\"elementor-widget-container\">\n\t\t\t\t\t<h4 class=\"elementor-heading-title elementor-size-default\">socios editoriales<\/h4>\t\t\t\t<\/div>\n\t\t\t\t<\/div>\n\t\t\t\t<div class=\"elementor-element elementor-element-c9bc831 elementor-widget elementor-widget-image\" data-id=\"c9bc831\" data-element_type=\"widget\" data-widget_type=\"image.default\">\n\t\t\t\t<div class=\"elementor-widget-container\">\n\t\t\t\t\t\t\t\t\t\t\t\t\t\t\t\t<a href=\"https:\/\/www.proceedings.blucher.com.br\/article-list\/sigradi2021-366\/list#articles\">\n\t\t\t\t\t\t\t<img loading=\"lazy\" decoding=\"async\" width=\"972\" height=\"256\" src=\"https:\/\/www.sigradi.org\/sigradi2022\/wp-content\/uploads\/2022\/03\/LOGO-BLUCHER-1024x338-copia-e1646056741513.png\" class=\"attachment-large size-large wp-image-2353\" alt=\"\" srcset=\"https:\/\/www.sigradi.org\/sigradi2022\/wp-content\/uploads\/2022\/03\/LOGO-BLUCHER-1024x338-copia-e1646056741513.png 972w, https:\/\/www.sigradi.org\/sigradi2022\/wp-content\/uploads\/2022\/03\/LOGO-BLUCHER-1024x338-copia-e1646056741513-600x158.png 600w, https:\/\/www.sigradi.org\/sigradi2022\/wp-content\/uploads\/2022\/03\/LOGO-BLUCHER-1024x338-copia-e1646056741513-300x79.png 300w, https:\/\/www.sigradi.org\/sigradi2022\/wp-content\/uploads\/2022\/03\/LOGO-BLUCHER-1024x338-copia-e1646056741513-768x202.png 768w\" sizes=\"(max-width: 972px) 100vw, 972px\" \/>\t\t\t\t\t\t\t\t<\/a>\n\t\t\t\t\t\t\t\t\t\t\t\t\t\t\t<\/div>\n\t\t\t\t<\/div>\n\t\t\t\t<div class=\"elementor-element elementor-element-8b8180d elementor-widget elementor-widget-image\" data-id=\"8b8180d\" data-element_type=\"widget\" data-widget_type=\"image.default\">\n\t\t\t\t<div class=\"elementor-widget-container\">\n\t\t\t\t\t\t\t\t\t\t\t\t\t\t\t\t<a href=\"http:\/\/papers.cumincad.org\/cgi-bin\/works\/Search?search=sigradi+2021&#038;x=45&#038;y=10\">\n\t\t\t\t\t\t\t<img loading=\"lazy\" decoding=\"async\" width=\"634\" height=\"76\" src=\"https:\/\/www.sigradi.org\/sigradi2022\/wp-content\/uploads\/2022\/03\/CumInCAD-1.png\" class=\"attachment-large size-large wp-image-2352\" alt=\"\" srcset=\"https:\/\/www.sigradi.org\/sigradi2022\/wp-content\/uploads\/2022\/03\/CumInCAD-1.png 634w, https:\/\/www.sigradi.org\/sigradi2022\/wp-content\/uploads\/2022\/03\/CumInCAD-1-600x72.png 600w, https:\/\/www.sigradi.org\/sigradi2022\/wp-content\/uploads\/2022\/03\/CumInCAD-1-300x36.png 300w\" sizes=\"(max-width: 634px) 100vw, 634px\" \/>\t\t\t\t\t\t\t\t<\/a>\n\t\t\t\t\t\t\t\t\t\t\t\t\t\t\t<\/div>\n\t\t\t\t<\/div>\n\t\t\t\t\t<\/div>\n\t\t<\/div>\n\t\t\t\t\t<\/div>\n\t\t<\/section>\n\t\t\t\t\t<\/div>\n\t\t<\/div>\n\t\t\t\t\t<\/div>\n\t\t<\/section>\n\t\t\t\t<\/div>\n\t\t","protected":false},"excerpt":{"rendered":"<p>Las Conferencias de SIGRaDi Previous Next La conferencia anual es el principal evento que promueve SIGraDi y est\u00e1 organizada por una instituci\u00f3n voluntaria con experiencia y trayectoria acad\u00e9mica, quien postula dos a\u00f1os antes de la futura conferencia. El Comit\u00e9 Ejecutivo Internacional es responsable de asesorar y asistir al Comit\u00e9 Organizador Local a trav\u00e9s de la [&hellip;]<\/p>\n","protected":false},"author":1,"featured_media":0,"parent":0,"menu_order":0,"comment_status":"closed","ping_status":"closed","template":"","meta":{"site-sidebar-layout":"no-sidebar","site-content-layout":"page-builder","ast-site-content-layout":"default","site-content-style":"default","site-sidebar-style":"default","ast-global-header-display":"","ast-banner-title-visibility":"","ast-main-header-display":"","ast-hfb-above-header-display":"","ast-hfb-below-header-display":"","ast-hfb-mobile-header-display":"","site-post-title":"disabled","ast-breadcrumbs-content":"","ast-featured-img":"disabled","footer-sml-layout":"","ast-disable-related-posts":"","theme-transparent-header-meta":"","adv-header-id-meta":"","stick-header-meta":"","header-above-stick-meta":"","header-main-stick-meta":"","header-below-stick-meta":"","astra-migrate-meta-layouts":"default","ast-page-background-enabled":"default","ast-page-background-meta":{"desktop":{"background-color":"","background-image":"","background-repeat":"repeat","background-position":"center center","background-size":"auto","background-attachment":"scroll","background-type":"","background-media":"","overlay-type":"","overlay-color":"","overlay-opacity":"","overlay-gradient":""},"tablet":{"background-color":"","background-image":"","background-repeat":"repeat","background-position":"center center","background-size":"auto","background-attachment":"scroll","background-type":"","background-media":"","overlay-type":"","overlay-color":"","overlay-opacity":"","overlay-gradient":""},"mobile":{"background-color":"","background-image":"","background-repeat":"repeat","background-position":"center center","background-size":"auto","background-attachment":"scroll","background-type":"","background-media":"","overlay-type":"","overlay-color":"","overlay-opacity":"","overlay-gradient":""}},"ast-content-background-meta":{"desktop":{"background-color":"var(--ast-global-color-5)","background-image":"","background-repeat":"repeat","background-position":"center center","background-size":"auto","background-attachment":"scroll","background-type":"","background-media":"","overlay-type":"","overlay-color":"","overlay-opacity":"","overlay-gradient":""},"tablet":{"background-color":"var(--ast-global-color-5)","background-image":"","background-repeat":"repeat","background-position":"center center","background-size":"auto","background-attachment":"scroll","background-type":"","background-media":"","overlay-type":"","overlay-color":"","overlay-opacity":"","overlay-gradient":""},"mobile":{"background-color":"var(--ast-global-color-5)","background-image":"","background-repeat":"repeat","background-position":"center center","background-size":"auto","background-attachment":"scroll","background-type":"","background-media":"","overlay-type":"","overlay-color":"","overlay-opacity":"","overlay-gradient":""}},"footnotes":""},"class_list":["post-1226","page","type-page","status-publish","hentry"],"_links":{"self":[{"href":"https:\/\/www.sigradi.org\/sigradi2022\/wp-json\/wp\/v2\/pages\/1226","targetHints":{"allow":["GET"]}}],"collection":[{"href":"https:\/\/www.sigradi.org\/sigradi2022\/wp-json\/wp\/v2\/pages"}],"about":[{"href":"https:\/\/www.sigradi.org\/sigradi2022\/wp-json\/wp\/v2\/types\/page"}],"author":[{"embeddable":true,"href":"https:\/\/www.sigradi.org\/sigradi2022\/wp-json\/wp\/v2\/users\/1"}],"replies":[{"embeddable":true,"href":"https:\/\/www.sigradi.org\/sigradi2022\/wp-json\/wp\/v2\/comments?post=1226"}],"version-history":[{"count":46,"href":"https:\/\/www.sigradi.org\/sigradi2022\/wp-json\/wp\/v2\/pages\/1226\/revisions"}],"predecessor-version":[{"id":3856,"href":"https:\/\/www.sigradi.org\/sigradi2022\/wp-json\/wp\/v2\/pages\/1226\/revisions\/3856"}],"wp:attachment":[{"href":"https:\/\/www.sigradi.org\/sigradi2022\/wp-json\/wp\/v2\/media?parent=1226"}],"curies":[{"name":"wp","href":"https:\/\/api.w.org\/{rel}","templated":true}]}}