{"id":1239,"date":"2022-01-28T01:11:09","date_gmt":"2022-01-28T01:11:09","guid":{"rendered":"https:\/\/www.sigradi.org\/sigradi2022\/?page_id=1239"},"modified":"2022-03-26T00:00:13","modified_gmt":"2022-03-26T00:00:13","slug":"conferencias","status":"publish","type":"page","link":"https:\/\/www.sigradi.org\/sigradi2022\/conferencias\/","title":{"rendered":"Presentacion"},"content":{"rendered":"\t\t<div data-elementor-type=\"wp-page\" data-elementor-id=\"1239\" class=\"elementor elementor-1239\" data-elementor-post-type=\"page\">\n\t\t\t\t\t\t<section class=\"elementor-section elementor-top-section elementor-element elementor-element-686b3f2d elementor-section-boxed elementor-section-height-default elementor-section-height-default\" data-id=\"686b3f2d\" data-element_type=\"section\" id=\"scrollup\">\n\t\t\t\t\t\t<div class=\"elementor-container elementor-column-gap-default\">\n\t\t\t\t\t<div class=\"elementor-column elementor-col-50 elementor-top-column elementor-element elementor-element-5da2e0d6\" data-id=\"5da2e0d6\" data-element_type=\"column\">\n\t\t\t<div class=\"elementor-widget-wrap elementor-element-populated\">\n\t\t\t\t\t\t<div class=\"elementor-element elementor-element-6132c2f8 elementor-widget elementor-widget-heading\" data-id=\"6132c2f8\" data-element_type=\"widget\" data-widget_type=\"heading.default\">\n\t\t\t\t<div class=\"elementor-widget-container\">\n\t\t\t\t\t<h2 class=\"elementor-heading-title elementor-size-default\">PRESENTACI\u00d3N<\/h2>\t\t\t\t<\/div>\n\t\t\t\t<\/div>\n\t\t\t\t<div class=\"elementor-element elementor-element-a90417e elementor-widget elementor-widget-image\" data-id=\"a90417e\" data-element_type=\"widget\" data-widget_type=\"image.default\">\n\t\t\t\t<div class=\"elementor-widget-container\">\n\t\t\t\t\t\t\t\t\t\t\t\t\t\t\t<img fetchpriority=\"high\" decoding=\"async\" width=\"1024\" height=\"446\" src=\"https:\/\/www.sigradi.org\/sigradi2022\/wp-content\/uploads\/2022\/03\/SIGraDi-2022_Banner_Facebook_ES-1024x446.jpg\" class=\"attachment-large size-large wp-image-2249\" alt=\"\" srcset=\"https:\/\/www.sigradi.org\/sigradi2022\/wp-content\/uploads\/2022\/03\/SIGraDi-2022_Banner_Facebook_ES-1024x446.jpg 1024w, https:\/\/www.sigradi.org\/sigradi2022\/wp-content\/uploads\/2022\/03\/SIGraDi-2022_Banner_Facebook_ES-scaled-600x261.jpg 600w, https:\/\/www.sigradi.org\/sigradi2022\/wp-content\/uploads\/2022\/03\/SIGraDi-2022_Banner_Facebook_ES-300x131.jpg 300w, https:\/\/www.sigradi.org\/sigradi2022\/wp-content\/uploads\/2022\/03\/SIGraDi-2022_Banner_Facebook_ES-768x334.jpg 768w, https:\/\/www.sigradi.org\/sigradi2022\/wp-content\/uploads\/2022\/03\/SIGraDi-2022_Banner_Facebook_ES-1536x669.jpg 1536w, https:\/\/www.sigradi.org\/sigradi2022\/wp-content\/uploads\/2022\/03\/SIGraDi-2022_Banner_Facebook_ES-2048x892.jpg 2048w\" sizes=\"(max-width: 1024px) 100vw, 1024px\" \/>\t\t\t\t\t\t\t\t\t\t\t\t\t\t\t<\/div>\n\t\t\t\t<\/div>\n\t\t\t\t<div class=\"elementor-element elementor-element-2e5572f9 elementor-widget elementor-widget-text-editor\" data-id=\"2e5572f9\" data-element_type=\"widget\" data-widget_type=\"text-editor.default\">\n\t\t\t\t<div class=\"elementor-widget-container\">\n\t\t\t\t\t\t\t\t\t<p><strong>SIGraDi 2022 | Apropiaciones Cr\u00edticas<br \/><\/strong>7 al 11 de noviembre, 2022<strong><br \/><\/strong>XXVI Conferencia Internacional de la<br \/>Sociedad Iberoamericana de Gr\u00e1fica Digital<\/p><p><span style=\"color: #808080;\">Fecha l\u00edmite para el env\u00edo de res\u00famenes (CfA) <strong>500 palabras<\/strong> (EN, PT, ES)<span style=\"font-style: inherit; font-weight: inherit;\">:<br \/><strong>Lunes 11 de abril, 2022 (Para cualquier lugar del planeta)<\/strong><\/span><\/span><span style=\"font-style: inherit; font-weight: inherit; color: var(--ast-global-color-3);\"><br \/><a href=\"https:\/\/www.sigradi.org\/sigradi2022\/conferencias\/\">Tema principal<\/a> |\u00a0<a href=\"https:\/\/www.sigradi.org\/sigradi2022\/sesiones-tematicas\/\">Sesiones tem\u00e1ticas<\/a>\u00a0<\/span><a style=\"background-color: #ffffff;\" href=\"https:\/\/openconf.sigradi.org\/openconf.php\"><span style=\"font-weight: bold;\">| <\/span><\/a>Plataforma<a style=\"background-color: #ffffff;\" href=\"https:\/\/www.sigradi.org\/sigradi2022\/resumenes\/\"><span style=\"font-weight: bold;\">\u00a0OPENCONF<\/span><\/a><span style=\"font-style: inherit; font-weight: inherit; color: var(--ast-global-color-3);\"><br \/><\/span><\/p><p><b>Apropiaciones Cr\u00edticas<\/b>, el tema de SIGraDI 2022, es un llamado a la reflexi\u00f3n sobre el origen y proceso de las acciones de un dise\u00f1o transformador y sus posibilidades, desde el rol de la tecnolog\u00eda y su efecto en el contexto social, cultural, material y educativo.<br \/><span style=\"font-style: inherit; font-weight: inherit; color: var(--ast-global-color-3);\">A trav\u00e9s de nuestras apropiaciones y el di\u00e1logo con otros, nuevas reinterpretaciones crean una cultura digital que impulsa agendas locales hacia otras geograf\u00edas.<br \/><\/span><span style=\"font-style: inherit; font-weight: inherit; color: var(--ast-global-color-3);\">Reflexionaremos cr\u00edticamente sobre los ejes que SIGraDi ha impulsado cada a\u00f1o e integraremos otros de necesario debate como Tecnolog\u00eda Inclusiva, Aprendizaje Permanente, la Cultura H\u00e1galo Usted Mismo, Mujeres en Tecnolog\u00eda y apropiaciones que incluso se promocionan como Ficciones y Utop\u00edas.<br \/><\/span><span style=\"font-style: inherit; font-weight: inherit; color: var(--ast-global-color-3);\">SIGraDi 2022 es una convocatoria a la interacci\u00f3n entre la intensidad de la vida cotidiana y la sociedad, con el disfrute y apropiaci\u00f3n de las tecnolog\u00edas en sus diferentes formas.<\/span><\/p>\t\t\t\t\t\t\t\t<\/div>\n\t\t\t\t<\/div>\n\t\t\t\t<div class=\"elementor-element elementor-element-37881e8f elementor-widget-divider--view-line elementor-widget elementor-widget-divider\" data-id=\"37881e8f\" data-element_type=\"widget\" data-widget_type=\"divider.default\">\n\t\t\t\t<div class=\"elementor-widget-container\">\n\t\t\t\t\t\t\t<div class=\"elementor-divider\">\n\t\t\t<span class=\"elementor-divider-separator\">\n\t\t\t\t\t\t<\/span>\n\t\t<\/div>\n\t\t\t\t\t\t<\/div>\n\t\t\t\t<\/div>\n\t\t\t\t<div class=\"elementor-element elementor-element-508612f elementor-widget elementor-widget-heading\" data-id=\"508612f\" data-element_type=\"widget\" data-widget_type=\"heading.default\">\n\t\t\t\t<div class=\"elementor-widget-container\">\n\t\t\t\t\t<h2 class=\"elementor-heading-title elementor-size-default\">ACERCA DE LA INSTITUCI\u00d3N ANFITRIONA<\/h2>\t\t\t\t<\/div>\n\t\t\t\t<\/div>\n\t\t\t\t<div class=\"elementor-element elementor-element-4903d6bb elementor-widget elementor-widget-text-editor\" data-id=\"4903d6bb\" data-element_type=\"widget\" data-widget_type=\"text-editor.default\">\n\t\t\t\t<div class=\"elementor-widget-container\">\n\t\t\t\t\t\t\t\t\t<p>En 2005, la <a href=\"https:\/\/pregrado.upc.edu.pe\/facultad-de-arquitectura\/\">Facultad de Arquitectura<\/a> de la <a href=\"https:\/\/www.upc.edu.pe\/\">Universidad Peruana de Ciencias Aplicadas<\/a> (UPC) fue sede del IX Congreso SIGraDi. En el 2022, la UPC liderar\u00e1 la organizaci\u00f3n de una nueva conferencia SIGraDi con el valioso apoyo de su infraestructura digital y&nbsp; experiencia acad\u00e9mica.<br>Desde su creaci\u00f3n en 1994, la UPC se ha enfocado en brindar una educaci\u00f3n de alta calidad orientada a formar l\u00edderes \u00edntegros, innovadores y con visi\u00f3n global, para que puedan transformar el Per\u00fa.<br>En el 2016, la UPC se convirti\u00f3 en la primera y \u00fanica universidad peruana acreditada institucionalmente al m\u00e1s alto nivel por la WASC Senior College and University Commission (WSCUC), agencia de acreditaci\u00f3n reconocida oficialmente por el Departamento de Educaci\u00f3n de los Estados Unidos.<\/p>\t\t\t\t\t\t\t\t<\/div>\n\t\t\t\t<\/div>\n\t\t\t\t<section class=\"elementor-section elementor-inner-section elementor-element elementor-element-5917b694 elementor-section-boxed elementor-section-height-default elementor-section-height-default\" data-id=\"5917b694\" data-element_type=\"section\">\n\t\t\t\t\t\t<div class=\"elementor-container elementor-column-gap-default\">\n\t\t\t\t\t<div class=\"elementor-column elementor-col-50 elementor-inner-column elementor-element elementor-element-5d50a2a6\" data-id=\"5d50a2a6\" data-element_type=\"column\">\n\t\t\t<div class=\"elementor-widget-wrap elementor-element-populated\">\n\t\t\t\t\t\t<div class=\"elementor-element elementor-element-4f768fc7 elementor-widget elementor-widget-image\" data-id=\"4f768fc7\" data-element_type=\"widget\" data-widget_type=\"image.default\">\n\t\t\t\t<div class=\"elementor-widget-container\">\n\t\t\t\t\t\t\t\t\t\t\t\t\t\t\t<img decoding=\"async\" width=\"1024\" height=\"376\" src=\"https:\/\/www.sigradi.org\/sigradi2022\/wp-content\/uploads\/2022\/01\/UPC_LOGO_VARIANTE_HOR-1024x376.png\" class=\"attachment-large size-large wp-image-852\" alt=\"\" srcset=\"https:\/\/www.sigradi.org\/sigradi2022\/wp-content\/uploads\/2022\/01\/UPC_LOGO_VARIANTE_HOR-1024x376.png 1024w, https:\/\/www.sigradi.org\/sigradi2022\/wp-content\/uploads\/2022\/01\/UPC_LOGO_VARIANTE_HOR-600x220.png 600w, https:\/\/www.sigradi.org\/sigradi2022\/wp-content\/uploads\/2022\/01\/UPC_LOGO_VARIANTE_HOR-300x110.png 300w, https:\/\/www.sigradi.org\/sigradi2022\/wp-content\/uploads\/2022\/01\/UPC_LOGO_VARIANTE_HOR-768x282.png 768w, https:\/\/www.sigradi.org\/sigradi2022\/wp-content\/uploads\/2022\/01\/UPC_LOGO_VARIANTE_HOR-1536x564.png 1536w, https:\/\/www.sigradi.org\/sigradi2022\/wp-content\/uploads\/2022\/01\/UPC_LOGO_VARIANTE_HOR-2048x752.png 2048w\" sizes=\"(max-width: 1024px) 100vw, 1024px\" \/>\t\t\t\t\t\t\t\t\t\t\t\t\t\t\t<\/div>\n\t\t\t\t<\/div>\n\t\t\t\t\t<\/div>\n\t\t<\/div>\n\t\t\t\t<div class=\"elementor-column elementor-col-50 elementor-inner-column elementor-element elementor-element-791b295a\" data-id=\"791b295a\" data-element_type=\"column\">\n\t\t\t<div class=\"elementor-widget-wrap elementor-element-populated\">\n\t\t\t\t\t\t<div class=\"elementor-element elementor-element-73780469 elementor-widget elementor-widget-image\" data-id=\"73780469\" data-element_type=\"widget\" data-widget_type=\"image.default\">\n\t\t\t\t<div class=\"elementor-widget-container\">\n\t\t\t\t\t\t\t\t\t\t\t\t\t\t\t<img decoding=\"async\" width=\"1024\" height=\"480\" src=\"https:\/\/www.sigradi.org\/sigradi2022\/wp-content\/uploads\/2022\/01\/SIGRADI-naranja-sobre-blanco-1024x480.jpg\" class=\"attachment-large size-large wp-image-861\" alt=\"\" srcset=\"https:\/\/www.sigradi.org\/sigradi2022\/wp-content\/uploads\/2022\/01\/SIGRADI-naranja-sobre-blanco-1024x480.jpg 1024w, https:\/\/www.sigradi.org\/sigradi2022\/wp-content\/uploads\/2022\/01\/SIGRADI-naranja-sobre-blanco-600x281.jpg 600w, https:\/\/www.sigradi.org\/sigradi2022\/wp-content\/uploads\/2022\/01\/SIGRADI-naranja-sobre-blanco-300x140.jpg 300w, https:\/\/www.sigradi.org\/sigradi2022\/wp-content\/uploads\/2022\/01\/SIGRADI-naranja-sobre-blanco-768x360.jpg 768w, https:\/\/www.sigradi.org\/sigradi2022\/wp-content\/uploads\/2022\/01\/SIGRADI-naranja-sobre-blanco.jpg 1168w\" sizes=\"(max-width: 1024px) 100vw, 1024px\" \/>\t\t\t\t\t\t\t\t\t\t\t\t\t\t\t<\/div>\n\t\t\t\t<\/div>\n\t\t\t\t\t<\/div>\n\t\t<\/div>\n\t\t\t\t\t<\/div>\n\t\t<\/section>\n\t\t\t\t\t<\/div>\n\t\t<\/div>\n\t\t\t\t<div class=\"elementor-column elementor-col-50 elementor-top-column elementor-element elementor-element-491f3cca\" data-id=\"491f3cca\" data-element_type=\"column\">\n\t\t\t<div class=\"elementor-widget-wrap elementor-element-populated\">\n\t\t\t\t\t\t\t<\/div>\n\t\t<\/div>\n\t\t\t\t\t<\/div>\n\t\t<\/section>\n\t\t\t\t<\/div>\n\t\t","protected":false},"excerpt":{"rendered":"<p>PRESENTACI\u00d3N SIGraDi 2022 | Apropiaciones Cr\u00edticas7 al 11 de noviembre, 2022XXVI Conferencia Internacional de laSociedad Iberoamericana de Gr\u00e1fica Digital Fecha l\u00edmite para el env\u00edo de res\u00famenes (CfA) 500 palabras (EN, PT, ES):Lunes 11 de abril, 2022 (Para cualquier lugar del planeta)Tema principal |\u00a0Sesiones tem\u00e1ticas\u00a0| Plataforma\u00a0OPENCONF Apropiaciones Cr\u00edticas, el tema de SIGraDI 2022, es un llamado [&hellip;]<\/p>\n","protected":false},"author":1,"featured_media":0,"parent":0,"menu_order":0,"comment_status":"closed","ping_status":"closed","template":"","meta":{"site-sidebar-layout":"no-sidebar","site-content-layout":"page-builder","ast-site-content-layout":"default","site-content-style":"default","site-sidebar-style":"default","ast-global-header-display":"","ast-banner-title-visibility":"","ast-main-header-display":"","ast-hfb-above-header-display":"","ast-hfb-below-header-display":"","ast-hfb-mobile-header-display":"","site-post-title":"disabled","ast-breadcrumbs-content":"","ast-featured-img":"disabled","footer-sml-layout":"","ast-disable-related-posts":"","theme-transparent-header-meta":"","adv-header-id-meta":"","stick-header-meta":"","header-above-stick-meta":"","header-main-stick-meta":"","header-below-stick-meta":"","astra-migrate-meta-layouts":"default","ast-page-background-enabled":"default","ast-page-background-meta":{"desktop":{"background-color":"","background-image":"","background-repeat":"repeat","background-position":"center center","background-size":"auto","background-attachment":"scroll","background-type":"","background-media":"","overlay-type":"","overlay-color":"","overlay-opacity":"","overlay-gradient":""},"tablet":{"background-color":"","background-image":"","background-repeat":"repeat","background-position":"center center","background-size":"auto","background-attachment":"scroll","background-type":"","background-media":"","overlay-type":"","overlay-color":"","overlay-opacity":"","overlay-gradient":""},"mobile":{"background-color":"","background-image":"","background-repeat":"repeat","background-position":"center center","background-size":"auto","background-attachment":"scroll","background-type":"","background-media":"","overlay-type":"","overlay-color":"","overlay-opacity":"","overlay-gradient":""}},"ast-content-background-meta":{"desktop":{"background-color":"var(--ast-global-color-5)","background-image":"","background-repeat":"repeat","background-position":"center center","background-size":"auto","background-attachment":"scroll","background-type":"","background-media":"","overlay-type":"","overlay-color":"","overlay-opacity":"","overlay-gradient":""},"tablet":{"background-color":"var(--ast-global-color-5)","background-image":"","background-repeat":"repeat","background-position":"center center","background-size":"auto","background-attachment":"scroll","background-type":"","background-media":"","overlay-type":"","overlay-color":"","overlay-opacity":"","overlay-gradient":""},"mobile":{"background-color":"var(--ast-global-color-5)","background-image":"","background-repeat":"repeat","background-position":"center center","background-size":"auto","background-attachment":"scroll","background-type":"","background-media":"","overlay-type":"","overlay-color":"","overlay-opacity":"","overlay-gradient":""}},"footnotes":""},"class_list":["post-1239","page","type-page","status-publish","hentry"],"_links":{"self":[{"href":"https:\/\/www.sigradi.org\/sigradi2022\/wp-json\/wp\/v2\/pages\/1239","targetHints":{"allow":["GET"]}}],"collection":[{"href":"https:\/\/www.sigradi.org\/sigradi2022\/wp-json\/wp\/v2\/pages"}],"about":[{"href":"https:\/\/www.sigradi.org\/sigradi2022\/wp-json\/wp\/v2\/types\/page"}],"author":[{"embeddable":true,"href":"https:\/\/www.sigradi.org\/sigradi2022\/wp-json\/wp\/v2\/users\/1"}],"replies":[{"embeddable":true,"href":"https:\/\/www.sigradi.org\/sigradi2022\/wp-json\/wp\/v2\/comments?post=1239"}],"version-history":[{"count":53,"href":"https:\/\/www.sigradi.org\/sigradi2022\/wp-json\/wp\/v2\/pages\/1239\/revisions"}],"predecessor-version":[{"id":2708,"href":"https:\/\/www.sigradi.org\/sigradi2022\/wp-json\/wp\/v2\/pages\/1239\/revisions\/2708"}],"wp:attachment":[{"href":"https:\/\/www.sigradi.org\/sigradi2022\/wp-json\/wp\/v2\/media?parent=1239"}],"curies":[{"name":"wp","href":"https:\/\/api.w.org\/{rel}","templated":true}]}}