{"id":1249,"date":"2022-01-28T01:14:38","date_gmt":"2022-01-28T01:14:38","guid":{"rendered":"https:\/\/www.sigradi.org\/sigradi2022\/?page_id=1249"},"modified":"2022-09-23T00:45:36","modified_gmt":"2022-09-23T00:45:36","slug":"fechas-importantes","status":"publish","type":"page","link":"https:\/\/www.sigradi.org\/sigradi2022\/fechas-importantes\/","title":{"rendered":"Fechas importantes"},"content":{"rendered":"\t\t<div data-elementor-type=\"wp-page\" data-elementor-id=\"1249\" class=\"elementor elementor-1249\" data-elementor-post-type=\"page\">\n\t\t\t\t\t\t<section class=\"elementor-section elementor-top-section elementor-element elementor-element-f9bde3e elementor-section-boxed elementor-section-height-default elementor-section-height-default\" data-id=\"f9bde3e\" data-element_type=\"section\" id=\"scrollup\">\n\t\t\t\t\t\t<div class=\"elementor-container elementor-column-gap-default\">\n\t\t\t\t\t<div class=\"elementor-column elementor-col-50 elementor-top-column elementor-element elementor-element-5eb8b8ef\" data-id=\"5eb8b8ef\" data-element_type=\"column\">\n\t\t\t<div class=\"elementor-widget-wrap elementor-element-populated\">\n\t\t\t\t\t\t<div class=\"elementor-element elementor-element-1672d71b elementor-widget elementor-widget-heading\" data-id=\"1672d71b\" data-element_type=\"widget\" data-widget_type=\"heading.default\">\n\t\t\t\t<div class=\"elementor-widget-container\">\n\t\t\t\t\t<h2 class=\"elementor-heading-title elementor-size-default\">FECHAS IMPORTANTES<\/h2>\t\t\t\t<\/div>\n\t\t\t\t<\/div>\n\t\t\t\t<div class=\"elementor-element elementor-element-6f9ec3dd elementor-widget elementor-widget-text-editor\" data-id=\"6f9ec3dd\" data-element_type=\"widget\" data-widget_type=\"text-editor.default\">\n\t\t\t\t<div class=\"elementor-widget-container\">\n\t\t\t\t\t\t\t\t\t<p><strong>FECHAS PARA LA CONFERENCIA SIGraDi 2022<\/strong><\/p><ul><li><del>31 de enero<\/del><br \/><del>Convocatoria para res\u00famenes<strong><br \/><\/strong><\/del><\/li><li><del>11 de abril, 2022<br \/>(En cualquier lugar del planeta)<\/del><br \/><del>Fecha l\u00edmite para el env\u00edo de res\u00famenes<\/del><br \/><del><a style=\"font-weight: bold;\" href=\"https:\/\/www.sigradi.org\/sigradi2022\/conferencias\/\">Tema<\/a>\u00a0|\u00a0<a style=\"font-weight: bold;\" href=\"https:\/\/www.sigradi.org\/sigradi2022\/sesiones-tematicas\/\">Sesiones Tem\u00e1ticas<\/a><b>\u00a0<\/b><a style=\"font-weight: bold; background-color: #ffffff;\" href=\"https:\/\/openconf.sigradi.org\/openconf.php\">| <\/a>\u00a0plataforma <a href=\"https:\/\/www.sigradi.org\/sigradi2022\/resumenes\/\"><strong>OPENCONF<\/strong><\/a>.<\/del><\/li><li><del>20 de mayo<\/del><br \/><del>Notificaci\u00f3n de resultados para res\u00famenes<\/del><\/li><li><del>12 de julio<\/del><br \/><del>Fecha l\u00edmite para el env\u00edo de art\u00edculos completos<\/del><\/li><li><del>22 de agosto<\/del><br \/><del>Notificaci\u00f3n de resultados para art\u00edculos completos<\/del><\/li><li><del>12 de septiembre<\/del><br \/><del>Fecha l\u00edmite para el env\u00edo de art\u00edculos completos a publicar<\/del><\/li><li><span style=\"color: #ff0000;\"><strong>3 de octubre<\/strong><\/span><br \/><span style=\"color: #ff0000;\"><strong>Fecha l\u00edmite para el registro de autor (por cada art\u00edculo)<\/strong><\/span><\/li><li>9 al 11 de noviembre<br \/>Conferencias<\/li><\/ul><p><strong>FECHAS PARA LOS TALLERES SIGraDi 2022<\/strong><\/p><ul><li><del>10 de julio<\/del><br \/><del>Convocatoria para instructores a Talleres SIGraDI 2022<\/del><\/li><li><del>7 de agosto<\/del><br \/><del>Fecha l\u00edmite para el env\u00edo de propuestas<\/del><\/li><li><del>19 de septiembre<\/del><br \/><del>Notificaci\u00f3n de resultados<\/del><\/li><li><strong><span style=\"color: #ff0000;\">15 de octubre<\/span><\/strong><br \/><strong><span style=\"color: #ff0000;\">Fecha l\u00edmite para el registro de participantes<\/span><\/strong><\/li><li>4 al 6 de noviembre<span style=\"font-weight: bold;\"><br \/><\/span>Fechas de los talleres SIGraDi 2022<\/li><li>7 de noviembre<br \/>Presentaci\u00f3n de resultados Talleres SIGraDI 2022<\/li><\/ul><p><strong style=\"font-size: 16px;\">FECHAS DEL TALLER PARA DOCTORANDOS (PhD WORKSHOP)<\/strong><\/p><ul><li><del>1 de julio<\/del><br \/><del>Convocatoria al\u00a0PhD Workshop<\/del><\/li><li><del>19 de septiembre<\/del><br \/><del>Fecha l\u00edmite para recibir propuestas de investigaci\u00f3n<\/del><\/li><li>7 y 8 de noviembre<br \/>Fechas del PhD Workshop<span style=\"font-weight: bold;\"><br \/><\/span><\/li><\/ul>\t\t\t\t\t\t\t\t<\/div>\n\t\t\t\t<\/div>\n\t\t\t\t\t<\/div>\n\t\t<\/div>\n\t\t\t\t<div class=\"elementor-column elementor-col-50 elementor-top-column elementor-element elementor-element-2a5c669f\" data-id=\"2a5c669f\" data-element_type=\"column\">\n\t\t\t<div class=\"elementor-widget-wrap\">\n\t\t\t\t\t\t\t<\/div>\n\t\t<\/div>\n\t\t\t\t\t<\/div>\n\t\t<\/section>\n\t\t\t\t<section class=\"elementor-section elementor-top-section elementor-element elementor-element-36964461 elementor-section-boxed elementor-section-height-default elementor-section-height-default\" data-id=\"36964461\" data-element_type=\"section\">\n\t\t\t\t\t\t<div class=\"elementor-container elementor-column-gap-default\">\n\t\t\t\t\t<div class=\"elementor-column elementor-col-100 elementor-top-column elementor-element elementor-element-2351f04\" data-id=\"2351f04\" data-element_type=\"column\">\n\t\t\t<div class=\"elementor-widget-wrap elementor-element-populated\">\n\t\t\t\t\t\t<div class=\"elementor-element elementor-element-2cc0784b elementor-widget-divider--view-line elementor-widget elementor-widget-divider\" data-id=\"2cc0784b\" data-element_type=\"widget\" data-widget_type=\"divider.default\">\n\t\t\t\t<div class=\"elementor-widget-container\">\n\t\t\t\t\t\t\t<div class=\"elementor-divider\">\n\t\t\t<span class=\"elementor-divider-separator\">\n\t\t\t\t\t\t<\/span>\n\t\t<\/div>\n\t\t\t\t\t\t<\/div>\n\t\t\t\t<\/div>\n\t\t\t\t\t<\/div>\n\t\t<\/div>\n\t\t\t\t\t<\/div>\n\t\t<\/section>\n\t\t\t\t<\/div>\n\t\t","protected":false},"excerpt":{"rendered":"<p>FECHAS IMPORTANTES FECHAS PARA LA CONFERENCIA SIGraDi 2022 31 de eneroConvocatoria para res\u00famenes 11 de abril, 2022(En cualquier lugar del planeta)Fecha l\u00edmite para el env\u00edo de res\u00famenesTema\u00a0|\u00a0Sesiones Tem\u00e1ticas\u00a0| \u00a0plataforma OPENCONF. 20 de mayoNotificaci\u00f3n de resultados para res\u00famenes 12 de julioFecha l\u00edmite para el env\u00edo de art\u00edculos completos 22 de agostoNotificaci\u00f3n de resultados para art\u00edculos completos [&hellip;]<\/p>\n","protected":false},"author":1,"featured_media":0,"parent":0,"menu_order":0,"comment_status":"closed","ping_status":"closed","template":"","meta":{"site-sidebar-layout":"no-sidebar","site-content-layout":"page-builder","ast-site-content-layout":"default","site-content-style":"default","site-sidebar-style":"default","ast-global-header-display":"","ast-banner-title-visibility":"","ast-main-header-display":"","ast-hfb-above-header-display":"","ast-hfb-below-header-display":"","ast-hfb-mobile-header-display":"","site-post-title":"disabled","ast-breadcrumbs-content":"","ast-featured-img":"disabled","footer-sml-layout":"","ast-disable-related-posts":"","theme-transparent-header-meta":"","adv-header-id-meta":"","stick-header-meta":"","header-above-stick-meta":"","header-main-stick-meta":"","header-below-stick-meta":"","astra-migrate-meta-layouts":"default","ast-page-background-enabled":"default","ast-page-background-meta":{"desktop":{"background-color":"","background-image":"","background-repeat":"repeat","background-position":"center center","background-size":"auto","background-attachment":"scroll","background-type":"","background-media":"","overlay-type":"","overlay-color":"","overlay-opacity":"","overlay-gradient":""},"tablet":{"background-color":"","background-image":"","background-repeat":"repeat","background-position":"center center","background-size":"auto","background-attachment":"scroll","background-type":"","background-media":"","overlay-type":"","overlay-color":"","overlay-opacity":"","overlay-gradient":""},"mobile":{"background-color":"","background-image":"","background-repeat":"repeat","background-position":"center center","background-size":"auto","background-attachment":"scroll","background-type":"","background-media":"","overlay-type":"","overlay-color":"","overlay-opacity":"","overlay-gradient":""}},"ast-content-background-meta":{"desktop":{"background-color":"var(--ast-global-color-5)","background-image":"","background-repeat":"repeat","background-position":"center center","background-size":"auto","background-attachment":"scroll","background-type":"","background-media":"","overlay-type":"","overlay-color":"","overlay-opacity":"","overlay-gradient":""},"tablet":{"background-color":"var(--ast-global-color-5)","background-image":"","background-repeat":"repeat","background-position":"center center","background-size":"auto","background-attachment":"scroll","background-type":"","background-media":"","overlay-type":"","overlay-color":"","overlay-opacity":"","overlay-gradient":""},"mobile":{"background-color":"var(--ast-global-color-5)","background-image":"","background-repeat":"repeat","background-position":"center center","background-size":"auto","background-attachment":"scroll","background-type":"","background-media":"","overlay-type":"","overlay-color":"","overlay-opacity":"","overlay-gradient":""}},"footnotes":""},"class_list":["post-1249","page","type-page","status-publish","hentry"],"_links":{"self":[{"href":"https:\/\/www.sigradi.org\/sigradi2022\/wp-json\/wp\/v2\/pages\/1249","targetHints":{"allow":["GET"]}}],"collection":[{"href":"https:\/\/www.sigradi.org\/sigradi2022\/wp-json\/wp\/v2\/pages"}],"about":[{"href":"https:\/\/www.sigradi.org\/sigradi2022\/wp-json\/wp\/v2\/types\/page"}],"author":[{"embeddable":true,"href":"https:\/\/www.sigradi.org\/sigradi2022\/wp-json\/wp\/v2\/users\/1"}],"replies":[{"embeddable":true,"href":"https:\/\/www.sigradi.org\/sigradi2022\/wp-json\/wp\/v2\/comments?post=1249"}],"version-history":[{"count":82,"href":"https:\/\/www.sigradi.org\/sigradi2022\/wp-json\/wp\/v2\/pages\/1249\/revisions"}],"predecessor-version":[{"id":5402,"href":"https:\/\/www.sigradi.org\/sigradi2022\/wp-json\/wp\/v2\/pages\/1249\/revisions\/5402"}],"wp:attachment":[{"href":"https:\/\/www.sigradi.org\/sigradi2022\/wp-json\/wp\/v2\/media?parent=1249"}],"curies":[{"name":"wp","href":"https:\/\/api.w.org\/{rel}","templated":true}]}}