{"id":1690,"date":"2022-01-31T15:09:05","date_gmt":"2022-01-31T15:09:05","guid":{"rendered":"https:\/\/www.sigradi.org\/sigradi2022\/?page_id=1690"},"modified":"2022-07-12T02:39:49","modified_gmt":"2022-07-12T02:39:49","slug":"resumenes","status":"publish","type":"page","link":"https:\/\/www.sigradi.org\/sigradi2022\/resumenes\/","title":{"rendered":"res\u00famenes"},"content":{"rendered":"\t\t<div data-elementor-type=\"wp-page\" data-elementor-id=\"1690\" class=\"elementor elementor-1690\" data-elementor-post-type=\"page\">\n\t\t\t\t\t\t<section class=\"elementor-section elementor-top-section elementor-element elementor-element-62d82a26 elementor-section-boxed elementor-section-height-default elementor-section-height-default\" data-id=\"62d82a26\" data-element_type=\"section\" id=\"scrollup\">\n\t\t\t\t\t\t<div class=\"elementor-container elementor-column-gap-default\">\n\t\t\t\t\t<div class=\"elementor-column elementor-col-50 elementor-top-column elementor-element elementor-element-2def31dd\" data-id=\"2def31dd\" data-element_type=\"column\">\n\t\t\t<div class=\"elementor-widget-wrap elementor-element-populated\">\n\t\t\t\t\t\t<div class=\"elementor-element elementor-element-1754f1c0 elementor-widget elementor-widget-heading\" data-id=\"1754f1c0\" data-element_type=\"widget\" data-widget_type=\"heading.default\">\n\t\t\t\t<div class=\"elementor-widget-container\">\n\t\t\t\t\t<h2 class=\"elementor-heading-title elementor-size-default\">ENV\u00edO DE trabajo COMPLETO<\/h2>\t\t\t\t<\/div>\n\t\t\t\t<\/div>\n\t\t\t\t<div class=\"elementor-element elementor-element-70942cd elementor-widget elementor-widget-text-editor\" data-id=\"70942cd\" data-element_type=\"widget\" data-widget_type=\"text-editor.default\">\n\t\t\t\t<div class=\"elementor-widget-container\">\n\t\t\t\t\t\t\t\t\t<p>Bienvenido al proceso de env\u00edo de art\u00edculos completos de la Conferencia SIGraDI 2022 . Revise durante unos minutos la siguiente informaci\u00f3n que contextualiza el uso de la plantilla (Descargar archivo DOCX), enviar su trabajo (subir su archivo PDF), actualizar nueva informaci\u00f3n (OpenConf) y los criterios para evaluar su trabajo.<\/p>\t\t\t\t\t\t\t\t<\/div>\n\t\t\t\t<\/div>\n\t\t\t\t<div class=\"elementor-element elementor-element-df3241a elementor-widget elementor-widget-heading\" data-id=\"df3241a\" data-element_type=\"widget\" data-widget_type=\"heading.default\">\n\t\t\t\t<div class=\"elementor-widget-container\">\n\t\t\t\t\t<h2 class=\"elementor-heading-title elementor-size-default\">Descargar la plantilla<\/h2>\t\t\t\t<\/div>\n\t\t\t\t<\/div>\n\t\t\t\t<div class=\"elementor-element elementor-element-cc80122 elementor-align-center elementor-widget elementor-widget-button\" data-id=\"cc80122\" data-element_type=\"widget\" data-widget_type=\"button.default\">\n\t\t\t\t<div class=\"elementor-widget-container\">\n\t\t\t\t\t\t\t\t\t<div class=\"elementor-button-wrapper\">\n\t\t\t\t\t<a class=\"elementor-button elementor-button-link elementor-size-xs\" href=\"https:\/\/www.sigradi.org\/sigradi2022\/wp-content\/uploads\/2022\/06\/SIGraDi_Full_Paper_Template_2022__Styles-2.docx\" target=\"_blank\">\n\t\t\t\t\t\t<span class=\"elementor-button-content-wrapper\">\n\t\t\t\t\t\t<span class=\"elementor-button-icon\">\n\t\t\t\t<i aria-hidden=\"true\" class=\"far fa-file-word\"><\/i>\t\t\t<\/span>\n\t\t\t\t\t\t\t\t\t<span class=\"elementor-button-text\">DESCARGAR el template DE SIGRADI 2022 (MS WORD)<\/span>\n\t\t\t\t\t<\/span>\n\t\t\t\t\t<\/a>\n\t\t\t\t<\/div>\n\t\t\t\t\t\t\t\t<\/div>\n\t\t\t\t<\/div>\n\t\t\t\t<div class=\"elementor-element elementor-element-c8716f7 elementor-widget elementor-widget-text-editor\" data-id=\"c8716f7\" data-element_type=\"widget\" data-widget_type=\"text-editor.default\">\n\t\t\t\t<div class=\"elementor-widget-container\">\n\t\t\t\t\t\t\t\t\t<p>El objetivo de la plantilla de SIGraDI 2022 es usar un formato para todos los articulos que se publicar\u00e1n en el libro de la conferencia. Por lo tanto no puede modificarse. Si Usted modifica la plantilla, cambia m\u00e1rgenes, estilos, tipograf\u00eda, intelineado u otro definido en la plantilla, causar\u00e1 problemas al equipo editorial y no podremos incluir su trabajo en la publicaci\u00f3n, en caso sea aceptado. Si usa MS Word, los estilos para cada una de las secciones est\u00e1n disponibles para facilitar su edici\u00f3n.<\/p>\t\t\t\t\t\t\t\t<\/div>\n\t\t\t\t<\/div>\n\t\t\t\t<div class=\"elementor-element elementor-element-8a18d35 elementor-widget elementor-widget-heading\" data-id=\"8a18d35\" data-element_type=\"widget\" data-widget_type=\"heading.default\">\n\t\t\t\t<div class=\"elementor-widget-container\">\n\t\t\t\t\t<h2 class=\"elementor-heading-title elementor-size-default\">enlace para el env\u00edo<\/h2>\t\t\t\t<\/div>\n\t\t\t\t<\/div>\n\t\t\t\t<div class=\"elementor-element elementor-element-ca9ee53 elementor-align-center elementor-widget elementor-widget-button\" data-id=\"ca9ee53\" data-element_type=\"widget\" data-widget_type=\"button.default\">\n\t\t\t\t<div class=\"elementor-widget-container\">\n\t\t\t\t\t\t\t\t\t<div class=\"elementor-button-wrapper\">\n\t\t\t\t\t<a class=\"elementor-button elementor-button-link elementor-size-sm\" href=\"http:\/\/submission.sigradi.org\/author\/upload.php\">\n\t\t\t\t\t\t<span class=\"elementor-button-content-wrapper\">\n\t\t\t\t\t\t<span class=\"elementor-button-icon\">\n\t\t\t\t<i aria-hidden=\"true\" class=\"far fa-check-square\"><\/i>\t\t\t<\/span>\n\t\t\t\t\t\t\t\t\t<span class=\"elementor-button-text\">plataforma para enviar su trabajo<\/span>\n\t\t\t\t\t<\/span>\n\t\t\t\t\t<\/a>\n\t\t\t\t<\/div>\n\t\t\t\t\t\t\t\t<\/div>\n\t\t\t\t<\/div>\n\t\t\t\t<div class=\"elementor-element elementor-element-72f627c5 elementor-widget elementor-widget-text-editor\" data-id=\"72f627c5\" data-element_type=\"widget\" data-widget_type=\"text-editor.default\">\n\t\t\t\t<div class=\"elementor-widget-container\">\n\t\t\t\t\t\t\t\t\t<p><span style=\"font-size: 16px;\">Las presentaciones deben incluir <strong>solo archivos *.pdf<\/strong>. Los archivos deben nombrarse de acuerdo con su n\u00famero de identificaci\u00f3n (es decir, ID_100.pdf).<br \/><\/span><span style=\"font-size: 16px; font-style: inherit; font-weight: inherit; color: var(--ast-global-color-3);\">La informaci\u00f3n sobre el <\/span><strong style=\"font-size: 16px; font-style: inherit; color: var(--ast-global-color-3);\">autor<\/strong><span style=\"font-size: 16px; font-style: inherit; font-weight: inherit; color: var(--ast-global-color-3);\"> o la <\/span><strong style=\"font-size: 16px; font-style: inherit; color: var(--ast-global-color-3);\">instituci\u00f3n<\/strong><span style=\"font-size: 16px; font-style: inherit; font-weight: inherit; color: var(--ast-global-color-3);\"> debe omitirse en esta etapa.<\/span><\/p><p><span style=\"font-size: 16px;\">La extensi\u00f3n de los trabajos es de <strong>10 o 12 p\u00e1ginas<\/strong>, y entre <strong>2500 y 3500<\/strong> palabras dependiendo del n\u00famero de figuras, tablas y referencias. <\/span>Para este env\u00edo y las presentaciones orales, los autores pueden usar\u00a0 cualquiera de los idiomas oficiales de SIGraDi (Espa\u00f1ol, Portugu\u00eas o Ingl\u00e9s).<\/p>\t\t\t\t\t\t\t\t<\/div>\n\t\t\t\t<\/div>\n\t\t\t\t<div class=\"elementor-element elementor-element-1209189 elementor-widget elementor-widget-heading\" data-id=\"1209189\" data-element_type=\"widget\" data-widget_type=\"heading.default\">\n\t\t\t\t<div class=\"elementor-widget-container\">\n\t\t\t\t\t<h2 class=\"elementor-heading-title elementor-size-default\">actualice su informaci\u00f3n<\/h2>\t\t\t\t<\/div>\n\t\t\t\t<\/div>\n\t\t\t\t<div class=\"elementor-element elementor-element-0220f03 elementor-widget elementor-widget-text-editor\" data-id=\"0220f03\" data-element_type=\"widget\" data-widget_type=\"text-editor.default\">\n\t\t\t\t<div class=\"elementor-widget-container\">\n\t\t\t\t\t\t\t\t\t<p><span style=\"font-size: 16px;\">Si Usted ha realizado cambios en esta etapa, es imperativo que actualice esa informaci\u00f3n en OpenConf (por ejemplo, nombres de autores, titulo de la submission, e-mail, etc). Por favor, ingrese al siguiente enlace para editar sus datos.<br><\/span><\/p>\t\t\t\t\t\t\t\t<\/div>\n\t\t\t\t<\/div>\n\t\t\t\t<div class=\"elementor-element elementor-element-1a9c907 elementor-align-center elementor-widget elementor-widget-button\" data-id=\"1a9c907\" data-element_type=\"widget\" data-widget_type=\"button.default\">\n\t\t\t\t<div class=\"elementor-widget-container\">\n\t\t\t\t\t\t\t\t\t<div class=\"elementor-button-wrapper\">\n\t\t\t\t\t<a class=\"elementor-button elementor-button-link elementor-size-sm\" href=\"http:\/\/submission.sigradi.org\/author\/edit.php\">\n\t\t\t\t\t\t<span class=\"elementor-button-content-wrapper\">\n\t\t\t\t\t\t<span class=\"elementor-button-icon\">\n\t\t\t\t<i aria-hidden=\"true\" class=\"far fa-check-square\"><\/i>\t\t\t<\/span>\n\t\t\t\t\t\t\t\t\t<span class=\"elementor-button-text\">editar informaci\u00f3n en openconf<\/span>\n\t\t\t\t\t<\/span>\n\t\t\t\t\t<\/a>\n\t\t\t\t<\/div>\n\t\t\t\t\t\t\t\t<\/div>\n\t\t\t\t<\/div>\n\t\t\t\t<div class=\"elementor-element elementor-element-89f0443 elementor-widget elementor-widget-text-editor\" data-id=\"89f0443\" data-element_type=\"widget\" data-widget_type=\"text-editor.default\">\n\t\t\t\t<div class=\"elementor-widget-container\">\n\t\t\t\t\t\t\t\t\t<p><span style=\"color: var(--ast-global-color-3);\">Los res\u00famenes ser\u00e1n revisados por un Comit\u00e9 Cient\u00edfico Internacional con recomendaciones bajo los siguientes criterios de evaluaci\u00f3n:<\/span><\/p><ul><li><b>Concordancia <\/b>con el tema principal de la conferencia Apropiaciones Cr\u00edticas y ejes tem\u00e1ticos elegidos en el env\u00edo;<\/li><li><b>Originalidad<\/b> del tema, problema o proyecto. La publicaci\u00f3n debe contener trabajo original que no haya sido publicado ni enviado para su publicaci\u00f3n en otro lugar. Es responsabilidad de los autores que no se haya producido ni plagio ni autoplagio.\u00a0<\/li><li><b>Relevancia<\/b> de la contribuci\u00f3n en el \u00e1rea;<\/li><li><b>Metodolog\u00eda<\/b> o t\u00e9cnicas empleadas;<\/li><li><b>Calidad de las referencias;<\/b><\/li><li><b>Organizaci\u00f3n general<\/b> del trabajo de acuerdo con las pautas establecidas.<\/li><\/ul><p><b>Libro de actas de congresos<\/b>. Los trabajos de la conferencia aceptados se publicar\u00e1n en las Actas de la conferencia (ISBN), as\u00ed como en <a style=\"background-color: #ffffff; outline: 0px;\" href=\"https:\/\/www.proceedings.blucher.com.br\/article-list\/sigradi2020-351\/list#articles\">Blucher Design Proceedings<\/a>\u00a0(ISSN) y la base de datos\u00a0<a style=\"background-color: #ffffff; outline: 0px;\" href=\"http:\/\/papers.cumincad.org\/\">CumInCAD<\/a>.<\/p><p><b>Invitaci\u00f3n a Revistas<br \/><\/b>Despu\u00e9s de la conferencia, el Comit\u00e9 Editorial de SIGraDi, invitar\u00e1 a los autores con las puntuaciones m\u00e1s altas a preparar una versi\u00f3n extendida de sus art\u00edculos para el\u00a0<a style=\"background-color: #ffffff;\" href=\"https:\/\/journals.sagepub.com\/toc\/jaca\/19\/2\">International Journal of Architectural Computing<\/a>\u00a0(IJAC), publicada por SAGE Journal, as\u00ed como para la revista\u00a0<a style=\"background-color: #ffffff;\" href=\"https:\/\/www.revistas.usp.br\/gestaodeprojetos\/issue\/view\/12169\">Gest\u00e3o &amp; Tecnologia de Projetos<\/a>\u00a0publicada por la Universidade de S\u00e3o Paulo.<\/p><p>Como se trata de un proceso de revisi\u00f3n a ciegas por pares, el trabajo no debe mencionar los nombres de los autores o la instituci\u00f3n, ni ninguna indicaci\u00f3n de autor\u00eda. No hay l\u00edmite para la presentaci\u00f3n de trabajos. Cada registro en el congreso permitir\u00e1 una publicaci\u00f3n y una presentaci\u00f3n.<\/p>\t\t\t\t\t\t\t\t<\/div>\n\t\t\t\t<\/div>\n\t\t\t\t\t<\/div>\n\t\t<\/div>\n\t\t\t\t<div class=\"elementor-column elementor-col-50 elementor-top-column elementor-element elementor-element-21b62759\" data-id=\"21b62759\" data-element_type=\"column\">\n\t\t\t<div class=\"elementor-widget-wrap elementor-element-populated\">\n\t\t\t\t\t\t<div class=\"elementor-element elementor-element-c999a7b elementor-widget elementor-widget-heading\" data-id=\"c999a7b\" data-element_type=\"widget\" data-widget_type=\"heading.default\">\n\t\t\t\t<div class=\"elementor-widget-container\">\n\t\t\t\t\t<h2 class=\"elementor-heading-title elementor-size-default\"><a href=\"http:\/\/submission.sigradi.org\/author\/status.php\" style=\"font-size: 29px;text-align: center;white-space: normal\">fecha l\u00edmite: 12 de julio<\/a><\/h2>\t\t\t\t<\/div>\n\t\t\t\t<\/div>\n\t\t\t\t<div class=\"elementor-element elementor-element-1e89ab2 elementor-countdown--label-block elementor-widget elementor-widget-countdown\" data-id=\"1e89ab2\" data-element_type=\"widget\" data-widget_type=\"countdown.default\">\n\t\t\t\t<div class=\"elementor-widget-container\">\n\t\t\t\t\t\t\t<div class=\"elementor-countdown-wrapper\" data-date=\"1657713540\">\n\t\t\t<div class=\"elementor-countdown-item\"><span class=\"elementor-countdown-digits elementor-countdown-days\"><\/span> <span class=\"elementor-countdown-label\">D\u00edas<\/span><\/div><div class=\"elementor-countdown-item\"><span class=\"elementor-countdown-digits elementor-countdown-hours\"><\/span> <span class=\"elementor-countdown-label\">Horas<\/span><\/div><div class=\"elementor-countdown-item\"><span class=\"elementor-countdown-digits elementor-countdown-minutes\"><\/span> <span class=\"elementor-countdown-label\">Minutos<\/span><\/div>\t\t<\/div>\n\t\t\t\t\t\t<\/div>\n\t\t\t\t<\/div>\n\t\t\t\t\t<\/div>\n\t\t<\/div>\n\t\t\t\t\t<\/div>\n\t\t<\/section>\n\t\t\t\t<\/div>\n\t\t","protected":false},"excerpt":{"rendered":"<p>ENV\u00edO DE trabajo COMPLETO Bienvenido al proceso de env\u00edo de art\u00edculos completos de la Conferencia SIGraDI 2022 . Revise durante unos minutos la siguiente informaci\u00f3n que contextualiza el uso de la plantilla (Descargar archivo DOCX), enviar su trabajo (subir su archivo PDF), actualizar nueva informaci\u00f3n (OpenConf) y los criterios para evaluar su trabajo. Descargar la [&hellip;]<\/p>\n","protected":false},"author":1,"featured_media":0,"parent":0,"menu_order":0,"comment_status":"closed","ping_status":"closed","template":"","meta":{"site-sidebar-layout":"no-sidebar","site-content-layout":"page-builder","ast-site-content-layout":"default","site-content-style":"default","site-sidebar-style":"default","ast-global-header-display":"","ast-banner-title-visibility":"","ast-main-header-display":"","ast-hfb-above-header-display":"","ast-hfb-below-header-display":"","ast-hfb-mobile-header-display":"","site-post-title":"disabled","ast-breadcrumbs-content":"","ast-featured-img":"disabled","footer-sml-layout":"","ast-disable-related-posts":"","theme-transparent-header-meta":"","adv-header-id-meta":"","stick-header-meta":"","header-above-stick-meta":"","header-main-stick-meta":"","header-below-stick-meta":"","astra-migrate-meta-layouts":"default","ast-page-background-enabled":"default","ast-page-background-meta":{"desktop":{"background-color":"","background-image":"","background-repeat":"repeat","background-position":"center center","background-size":"auto","background-attachment":"scroll","background-type":"","background-media":"","overlay-type":"","overlay-color":"","overlay-opacity":"","overlay-gradient":""},"tablet":{"background-color":"","background-image":"","background-repeat":"repeat","background-position":"center center","background-size":"auto","background-attachment":"scroll","background-type":"","background-media":"","overlay-type":"","overlay-color":"","overlay-opacity":"","overlay-gradient":""},"mobile":{"background-color":"","background-image":"","background-repeat":"repeat","background-position":"center center","background-size":"auto","background-attachment":"scroll","background-type":"","background-media":"","overlay-type":"","overlay-color":"","overlay-opacity":"","overlay-gradient":""}},"ast-content-background-meta":{"desktop":{"background-color":"var(--ast-global-color-5)","background-image":"","background-repeat":"repeat","background-position":"center center","background-size":"auto","background-attachment":"scroll","background-type":"","background-media":"","overlay-type":"","overlay-color":"","overlay-opacity":"","overlay-gradient":""},"tablet":{"background-color":"var(--ast-global-color-5)","background-image":"","background-repeat":"repeat","background-position":"center center","background-size":"auto","background-attachment":"scroll","background-type":"","background-media":"","overlay-type":"","overlay-color":"","overlay-opacity":"","overlay-gradient":""},"mobile":{"background-color":"var(--ast-global-color-5)","background-image":"","background-repeat":"repeat","background-position":"center center","background-size":"auto","background-attachment":"scroll","background-type":"","background-media":"","overlay-type":"","overlay-color":"","overlay-opacity":"","overlay-gradient":""}},"footnotes":""},"class_list":["post-1690","page","type-page","status-publish","hentry"],"_links":{"self":[{"href":"https:\/\/www.sigradi.org\/sigradi2022\/wp-json\/wp\/v2\/pages\/1690","targetHints":{"allow":["GET"]}}],"collection":[{"href":"https:\/\/www.sigradi.org\/sigradi2022\/wp-json\/wp\/v2\/pages"}],"about":[{"href":"https:\/\/www.sigradi.org\/sigradi2022\/wp-json\/wp\/v2\/types\/page"}],"author":[{"embeddable":true,"href":"https:\/\/www.sigradi.org\/sigradi2022\/wp-json\/wp\/v2\/users\/1"}],"replies":[{"embeddable":true,"href":"https:\/\/www.sigradi.org\/sigradi2022\/wp-json\/wp\/v2\/comments?post=1690"}],"version-history":[{"count":134,"href":"https:\/\/www.sigradi.org\/sigradi2022\/wp-json\/wp\/v2\/pages\/1690\/revisions"}],"predecessor-version":[{"id":4107,"href":"https:\/\/www.sigradi.org\/sigradi2022\/wp-json\/wp\/v2\/pages\/1690\/revisions\/4107"}],"wp:attachment":[{"href":"https:\/\/www.sigradi.org\/sigradi2022\/wp-json\/wp\/v2\/media?parent=1690"}],"curies":[{"name":"wp","href":"https:\/\/api.w.org\/{rel}","templated":true}]}}