{"id":3709,"date":"2022-06-28T16:56:55","date_gmt":"2022-06-28T16:56:55","guid":{"rendered":"https:\/\/www.sigradi.org\/sigradi2022\/?page_id=3709"},"modified":"2022-07-07T05:13:57","modified_gmt":"2022-07-07T05:13:57","slug":"homo_faber_3s_pt","status":"publish","type":"page","link":"https:\/\/www.sigradi.org\/sigradi2022\/homo_faber_3s_pt\/","title":{"rendered":"Homo Faber"},"content":{"rendered":"\t\t<div data-elementor-type=\"wp-page\" data-elementor-id=\"3709\" class=\"elementor elementor-3709\" data-elementor-post-type=\"page\">\n\t\t\t\t\t\t<section class=\"elementor-section elementor-top-section elementor-element elementor-element-3f79e052 elementor-section-boxed elementor-section-height-default elementor-section-height-default\" data-id=\"3f79e052\" data-element_type=\"section\">\n\t\t\t\t\t\t<div class=\"elementor-container elementor-column-gap-default\">\n\t\t\t\t\t<div class=\"elementor-column elementor-col-50 elementor-top-column elementor-element elementor-element-34da007f\" data-id=\"34da007f\" data-element_type=\"column\">\n\t\t\t<div class=\"elementor-widget-wrap elementor-element-populated\">\n\t\t\t\t\t\t<div class=\"elementor-element elementor-element-7274e29c elementor-widget elementor-widget-heading\" data-id=\"7274e29c\" data-element_type=\"widget\" data-widget_type=\"heading.default\">\n\t\t\t\t<div class=\"elementor-widget-container\">\n\t\t\t\t\t<h2 class=\"elementor-heading-title elementor-size-default\">HOMO FABER 3.0 CHAMADA PARA PROJETOS<\/h2>\t\t\t\t<\/div>\n\t\t\t\t<\/div>\n\t\t\t\t<div class=\"elementor-element elementor-element-97f3e8a elementor-pagination-position-outside elementor--h-position-center elementor--v-position-middle elementor-arrows-position-inside elementor-widget elementor-widget-slides\" data-id=\"97f3e8a\" data-element_type=\"widget\" data-settings=\"{&quot;autoplay_speed&quot;:10000,&quot;navigation&quot;:&quot;both&quot;,&quot;autoplay&quot;:&quot;yes&quot;,&quot;pause_on_hover&quot;:&quot;yes&quot;,&quot;pause_on_interaction&quot;:&quot;yes&quot;,&quot;infinite&quot;:&quot;yes&quot;,&quot;transition&quot;:&quot;slide&quot;,&quot;transition_speed&quot;:500}\" data-widget_type=\"slides.default\">\n\t\t\t\t<div class=\"elementor-widget-container\">\n\t\t\t\t\t\t\t\t\t<div class=\"elementor-swiper\">\n\t\t\t\t\t<div class=\"elementor-slides-wrapper elementor-main-swiper swiper\" role=\"region\" aria-roledescription=\"carousel\" aria-label=\"Slides\" dir=\"ltr\" data-animation=\"fadeInUp\">\n\t\t\t\t<div class=\"swiper-wrapper elementor-slides\">\n\t\t\t\t\t\t\t\t\t\t<div class=\"elementor-repeater-item-2b70bca swiper-slide\" role=\"group\" aria-roledescription=\"slide\"><div class=\"swiper-slide-bg\"><\/div><div class=\"swiper-slide-inner\" ><div class=\"swiper-slide-contents\"><div class=\"elementor-slide-heading\">Homo Faber 3.0<\/div><div class=\"elementor-slide-description\">A chamada de projetos para Homo Faber 3.0 est\u00e1 aberta. Data limite para inscri\u00e7\u00e3o: Segunda-feira 18 de julho de 2022<\/div><a href=\"https:\/\/docs.google.com\/forms\/d\/e\/1FAIpQLSd8eGMAdU_JGKqyB3Xb7QuI6OaWZbvc3l_mVCwFWvcP6kOrKg\/viewform\" class=\"elementor-button elementor-slide-button elementor-size-sm\">Formul\u00e1rio de registro<\/a><\/div><\/div><\/div><div class=\"elementor-repeater-item-cfb0529 swiper-slide\" role=\"group\" aria-roledescription=\"slide\"><div class=\"swiper-slide-bg\"><\/div><div class=\"swiper-slide-inner\" ><div class=\"swiper-slide-contents\"><div class=\"elementor-slide-heading\">Categorias Homo Faber 3.0<\/div><div class=\"elementor-slide-description\">Artistic and Hacking | Bottom up,  Community and Craft | Construction Components | Low-High Technologies | Robotic Strategies | Pedagogical Elements | Mobile Fab Labs<\/div><\/div><\/div><\/div><div class=\"elementor-repeater-item-c0273a7 swiper-slide\" role=\"group\" aria-roledescription=\"slide\"><div class=\"swiper-slide-bg\"><\/div><a class=\"swiper-slide-inner\" href=\"https:\/\/tinyurl.com\/23p3d7m9\"><div class=\"swiper-slide-contents\"><div class=\"elementor-slide-heading\">Homo Faber 2.0<\/div><div class=\"elementor-slide-description\">Homo Faber 2.0 Politics of Digital in Latin America foi inaugurado em SIGraDi 2018 S\u00e3o Carlos, Brasil\n\n<\/div><div  class=\"elementor-button elementor-slide-button elementor-size-sm\">Download Catalog<\/div><\/div><\/a><\/div><div class=\"elementor-repeater-item-2454b19 swiper-slide\" role=\"group\" aria-roledescription=\"slide\"><div class=\"swiper-slide-bg\"><\/div><div class=\"swiper-slide-inner\" ><div class=\"swiper-slide-contents\"><div class=\"elementor-slide-heading\">Homo Faber 1.0<\/div><div class=\"elementor-slide-description\">Homo Faber 1.0 Digital Fabrication in Latin America foi inaugurado em CAAD Futures 2015 S\u00e3o Paulo, Brasil<\/div><a href=\"https:\/\/tinyurl.com\/5n8bbtv4\" class=\"elementor-button elementor-slide-button elementor-size-sm\">Download Catalog<\/a><\/div><\/div><\/div>\t\t\t\t<\/div>\n\t\t\t\t\t\t\t\t\t\t\t\t\t\t\t<div class=\"elementor-swiper-button elementor-swiper-button-prev\" role=\"button\" tabindex=\"0\" aria-label=\"Previous slide\">\n\t\t\t\t\t\t\t<i aria-hidden=\"true\" class=\"eicon-chevron-left\"><\/i>\t\t\t\t\t\t<\/div>\n\t\t\t\t\t\t<div class=\"elementor-swiper-button elementor-swiper-button-next\" role=\"button\" tabindex=\"0\" aria-label=\"Next slide\">\n\t\t\t\t\t\t\t<i aria-hidden=\"true\" class=\"eicon-chevron-right\"><\/i>\t\t\t\t\t\t<\/div>\n\t\t\t\t\t\t\t\t\t\t\t\t\t\t\t\t<div class=\"swiper-pagination\"><\/div>\n\t\t\t\t\t\t\t\t\t\t\t\t<\/div>\n\t\t\t\t<\/div>\n\t\t\t\t\t\t\t\t<\/div>\n\t\t\t\t<\/div>\n\t\t\t\t<div class=\"elementor-element elementor-element-75008ba9 elementor-widget elementor-widget-text-editor\" data-id=\"75008ba9\" data-element_type=\"widget\" data-widget_type=\"text-editor.default\">\n\t\t\t\t<div class=\"elementor-widget-container\">\n\t\t\t\t\t\t\t\t\t<p><strong>Homo Faber 3.0: Appropriation of Digital Fabrication from Latin America<\/strong> se inspira em desafios locais, comunidades vulner\u00e1veis, geografias semiperif\u00e9ricas, a partir das estrat\u00e9gias criativas que impulsionam pioneiros, desenvolvedores e usu\u00e1rios finais em nossa regi\u00e3o com a fabrica\u00e7\u00e3o digital, como aliada de seus processos de design, em qualquer de suas formas.<\/p>\n<p>Para esta vers\u00e3o, as seguintes categorias s\u00e3o promovidas: <em>Artistic and Hacking<\/em> | <em>Bottom up<\/em>, <em>Community<\/em> and <em>Craft<\/em> | <em>Construction Components<\/em> | <em>Low-High Technologies<\/em> | <em>Robotic Strategies<\/em> | <em>Pedagogical Elements<\/em> | <em>Mobile Fab Labs<\/em><\/p>\n<p><span style=\"font-size: 16px;\">Homo Faber 3.0 explora a domestica\u00e7\u00e3o, interpreta\u00e7\u00e3o e aplica\u00e7\u00e3o da fabrica\u00e7\u00e3o digital na regi\u00e3o, que estimula a l\u00f3gica de apropria\u00e7\u00e3o tecnol\u00f3gica do Homo Faber, al\u00e9m da simples curiosidade, automa\u00e7\u00e3o e personaliza\u00e7\u00e3o, para se distanciar da despretensiosa manipula\u00e7\u00e3o tecnol\u00f3gica do Homo Fabricatus. A apropria\u00e7\u00e3o como pr\u00e1tica cr\u00edtica torna vis\u00edveis processos que criam as bases de uma cultura digital que estabelece agendas locais para outras geografias, implementando solu\u00e7\u00f5es t\u00e9cnicas em sinergia com ecossistemas situados.<\/span><\/p>\n<p><span style=\"font-size: 16px;\">Este convite para a Homo Faber 3.0 espera revelar inspira\u00e7\u00f5es e sintetizar pensamentos a partir do fazer objetos, espa\u00e7os e ambientes.<\/span><\/p>\t\t\t\t\t\t\t\t<\/div>\n\t\t\t\t<\/div>\n\t\t\t\t\t<\/div>\n\t\t<\/div>\n\t\t\t\t<div class=\"elementor-column elementor-col-50 elementor-top-column elementor-element elementor-element-4ac7afbe\" data-id=\"4ac7afbe\" data-element_type=\"column\">\n\t\t\t<div class=\"elementor-widget-wrap elementor-element-populated\">\n\t\t\t\t\t\t<div class=\"elementor-element elementor-element-1542b2d5 elementor-widget elementor-widget-heading\" data-id=\"1542b2d5\" data-element_type=\"widget\" data-widget_type=\"heading.default\">\n\t\t\t\t<div class=\"elementor-widget-container\">\n\t\t\t\t\t<h2 class=\"elementor-heading-title elementor-size-default\">Timeline<\/h2>\t\t\t\t<\/div>\n\t\t\t\t<\/div>\n\t\t\t\t<div class=\"elementor-element elementor-element-5ddb3d8 elementor-widget elementor-widget-text-editor\" data-id=\"5ddb3d8\" data-element_type=\"widget\" data-widget_type=\"text-editor.default\">\n\t\t\t\t<div class=\"elementor-widget-container\">\n\t\t\t\t\t\t\t\t\t<p><strong>Prazo para inscri\u00e7\u00e3o<\/strong><br>Segunda-feira, 18 de julho de 2022<\/p>\n<p><strong>Notifica\u00e7\u00f5es de projetos selecionados<\/strong><br>Segunda-feira, 8 de agosto de 2022<\/p>\n<p><strong>Informa\u00e7\u00f5es e material complementar adicional (arquivos, fotos em alta resolu\u00e7\u00e3o e v\u00eddeos)<\/strong><br>Sexta-feira, 27 de agosto de 2022<\/p>\n<p><strong>Exposi\u00e7\u00e3o Homo Faber 3.0<\/strong><br>novembro de 2022<\/p>\t\t\t\t\t\t\t\t<\/div>\n\t\t\t\t<\/div>\n\t\t\t\t<div class=\"elementor-element elementor-element-2cb100d2 elementor-layout-start e-tabs-view-vertical elementor-widget elementor-widget-video-playlist\" data-id=\"2cb100d2\" data-element_type=\"widget\" data-settings=\"{&quot;tabs&quot;:[{&quot;title&quot;:&quot;&quot;,&quot;youtube_url&quot;:&quot;https:\\\/\\\/youtu.be\\\/m7ht5mqN0Ck&quot;,&quot;duration&quot;:&quot;3:15&quot;,&quot;thumbnail&quot;:{&quot;url&quot;:&quot;http:\\\/\\\/img.youtube.com\\\/vi\\\/m7ht5mqN0Ck\\\/maxresdefault.jpg&quot;,&quot;id&quot;:&quot;&quot;,&quot;size&quot;:&quot;&quot;},&quot;_id&quot;:&quot;d4dda6d&quot;,&quot;vimeo_url&quot;:null,&quot;type&quot;:&quot;youtube&quot;,&quot;is_external_url&quot;:null,&quot;hosted_url&quot;:null,&quot;external_url&quot;:null,&quot;section_html_tag&quot;:null,&quot;video_html_tag&quot;:&quot;h4&quot;,&quot;inner_tab_is_content_visible&quot;:&quot;&quot;,&quot;inner_tab_content_1&quot;:null,&quot;inner_tab_content_2&quot;:null},{&quot;title&quot;:&quot;&quot;,&quot;youtube_url&quot;:&quot;https:\\\/\\\/youtu.be\\\/vFUOLBnUNkI&quot;,&quot;duration&quot;:&quot;3:17&quot;,&quot;thumbnail&quot;:{&quot;url&quot;:&quot;http:\\\/\\\/img.youtube.com\\\/vi\\\/vFUOLBnUNkI\\\/maxresdefault.jpg&quot;,&quot;id&quot;:&quot;&quot;,&quot;size&quot;:&quot;&quot;},&quot;_id&quot;:&quot;1669b3a&quot;,&quot;vimeo_url&quot;:null,&quot;type&quot;:&quot;youtube&quot;,&quot;is_external_url&quot;:null,&quot;hosted_url&quot;:null,&quot;external_url&quot;:null,&quot;section_html_tag&quot;:null,&quot;video_html_tag&quot;:&quot;h4&quot;,&quot;inner_tab_is_content_visible&quot;:&quot;&quot;,&quot;inner_tab_content_1&quot;:null,&quot;inner_tab_content_2&quot;:null},{&quot;title&quot;:&quot;&quot;,&quot;youtube_url&quot;:&quot;https:\\\/\\\/youtu.be\\\/55Z9lRUoFeU&quot;,&quot;duration&quot;:&quot;3:00&quot;,&quot;thumbnail&quot;:{&quot;url&quot;:&quot;http:\\\/\\\/img.youtube.com\\\/vi\\\/55Z9lRUoFeU\\\/maxresdefault.jpg&quot;,&quot;id&quot;:&quot;&quot;,&quot;size&quot;:&quot;&quot;},&quot;_id&quot;:&quot;e246bc4&quot;,&quot;vimeo_url&quot;:null,&quot;type&quot;:&quot;youtube&quot;,&quot;is_external_url&quot;:null,&quot;hosted_url&quot;:null,&quot;external_url&quot;:null,&quot;section_html_tag&quot;:null,&quot;video_html_tag&quot;:&quot;h4&quot;,&quot;inner_tab_is_content_visible&quot;:&quot;&quot;,&quot;inner_tab_content_1&quot;:null,&quot;inner_tab_content_2&quot;:null}],&quot;inner_tab_title_1&quot;:&quot;Tab #1&quot;,&quot;inner_tab_title_2&quot;:&quot;Tab #2&quot;,&quot;autoplay_on_load&quot;:&quot;yes&quot;,&quot;autoplay_next&quot;:&quot;yes&quot;}\" data-widget_type=\"video-playlist.default\">\n\t\t\t\t<div class=\"elementor-widget-container\">\n\t\t\t\t\t\n\t\t<div class=\"e-tabs\" role=\"region\" aria-labelledby=\"e-playlist-2cb100d2\">\n\t\t\t<div class=\"e-tabs-main-area\">\n\t\t\t\t<div class=\"e-tabs-wrapper\">\n\t\t\t\t\t<div class=\"e-tabs-header\">\n\t\t\t\t\t\t<div class=\"e-tabs-title\" id=\"e-playlist-2cb100d2\"><\/div>\n\t\t\t\t\t\t<div class=\"e-tabs-header-right-side\">\n\t\t\t\t\t\t\t\t\t\t\t\t\t\t\t<span class=\"e-tabs-videos-count\">3 Videos<\/span>\n\t\t\t\t\t\t\t\t\t\t\t\t\t\t<i aria-hidden=\"true\" class=\"e-tabs-toggle-videos-display-button rotate-down eicon-caret-down\"><\/i>\t\t\t\t\t\t<\/div>\n\t\t\t\t\t<\/div>\n\t\t\t\t\t<div class=\"e-tabs-items-wrapper\">\n\t\t\t\t\t\t<div class=\"e-tabs-items\" role=\"tablist\">\n\t\t\t\t\t\t\t\t\t\t\t\t\t\t\t\t\t\t\t\t\t\t\t\t<div id=\"e-tab-title-7491\" class=\"e-tab-title e-tab-desktop-title\" aria-selected=\"true\" data-tab=\"1\" role=\"tab\" tabindex=\"0\" aria-controls=\"e-tab-content-7491\">\n\t\t\t\t\t\t\t\t\t\t\t\t\t\t\t\t\t\t\t\t\t<div class=\"e-tab-thumbnail\">\n\t\t\t\t\t\t\t\t\t\t\t\t\t\t\t\t\t\t\t\t\t\t\t\t\t<img decoding=\"async\" src=\"http:\/\/img.youtube.com\/vi\/m7ht5mqN0Ck\/maxresdefault.jpg\" alt=\"\" loading=\"lazy\" \/>\n\t\t\t\t\t\t\t\t\t\t\t\t\t\t\t\t\t\t\t\t\t\t\t\t<span class=\"icon-play\"><i aria-hidden=\"true\" class=\"fas fa-play-circle\"><\/i><\/span>\n\t\t\t\t\t\t\t\t\t\t\t\t<span class=\"icon-watched\"><i aria-hidden=\"true\" class=\"fas fa-check-circle\"><\/i><\/span>\n\t\t\t\t\t\t\t\t\t\t\t<\/div>\n\t\t\t\t\t\t\t\t\t\t\t\t\t\t\t\t\t\t\t\t<h4 class=\"e-tab-title-text\">\n\t\t\t\t\t\t\t\t\t\t\t<button type=\"button\"><\/button>\n\t\t\t\t\t\t\t\t\t\t<\/h4>\n\t\t\t\t\t\t\t\t\t\t\t\t\t\t\t\t\t\t\t<\/div>\n\t\t\t\t\t\t\t\t\t\t\t\t\t\t\t\t\t\t\t\t\t\t\t\t\t\t\t\t\t\t\t\t<div id=\"e-tab-title-7492\" class=\"e-tab-title e-tab-desktop-title\" aria-selected=\"false\" data-tab=\"2\" role=\"tab\" tabindex=\"-1\" aria-controls=\"e-tab-content-7492\">\n\t\t\t\t\t\t\t\t\t\t\t\t\t\t\t\t\t\t\t\t\t<div class=\"e-tab-thumbnail\">\n\t\t\t\t\t\t\t\t\t\t\t\t\t\t\t\t\t\t\t\t\t\t\t\t\t<img decoding=\"async\" src=\"http:\/\/img.youtube.com\/vi\/vFUOLBnUNkI\/maxresdefault.jpg\" alt=\"\" loading=\"lazy\" \/>\n\t\t\t\t\t\t\t\t\t\t\t\t\t\t\t\t\t\t\t\t\t\t\t\t<span class=\"icon-play\"><i aria-hidden=\"true\" class=\"fas fa-play-circle\"><\/i><\/span>\n\t\t\t\t\t\t\t\t\t\t\t\t<span class=\"icon-watched\"><i aria-hidden=\"true\" class=\"fas fa-check-circle\"><\/i><\/span>\n\t\t\t\t\t\t\t\t\t\t\t<\/div>\n\t\t\t\t\t\t\t\t\t\t\t\t\t\t\t\t\t\t\t\t<h4 class=\"e-tab-title-text\">\n\t\t\t\t\t\t\t\t\t\t\t<button type=\"button\"><\/button>\n\t\t\t\t\t\t\t\t\t\t<\/h4>\n\t\t\t\t\t\t\t\t\t\t\t\t\t\t\t\t\t\t\t<\/div>\n\t\t\t\t\t\t\t\t\t\t\t\t\t\t\t\t\t\t\t\t\t\t\t\t\t\t\t\t\t\t\t\t<div id=\"e-tab-title-7493\" class=\"e-tab-title e-tab-desktop-title\" aria-selected=\"false\" data-tab=\"3\" role=\"tab\" tabindex=\"-1\" aria-controls=\"e-tab-content-7493\">\n\t\t\t\t\t\t\t\t\t\t\t\t\t\t\t\t\t\t\t\t\t<div class=\"e-tab-thumbnail\">\n\t\t\t\t\t\t\t\t\t\t\t\t\t\t\t\t\t\t\t\t\t\t\t\t\t<img decoding=\"async\" src=\"http:\/\/img.youtube.com\/vi\/55Z9lRUoFeU\/maxresdefault.jpg\" alt=\"\" loading=\"lazy\" \/>\n\t\t\t\t\t\t\t\t\t\t\t\t\t\t\t\t\t\t\t\t\t\t\t\t<span class=\"icon-play\"><i aria-hidden=\"true\" class=\"fas fa-play-circle\"><\/i><\/span>\n\t\t\t\t\t\t\t\t\t\t\t\t<span class=\"icon-watched\"><i aria-hidden=\"true\" class=\"fas fa-check-circle\"><\/i><\/span>\n\t\t\t\t\t\t\t\t\t\t\t<\/div>\n\t\t\t\t\t\t\t\t\t\t\t\t\t\t\t\t\t\t\t\t<h4 class=\"e-tab-title-text\">\n\t\t\t\t\t\t\t\t\t\t\t<button type=\"button\"><\/button>\n\t\t\t\t\t\t\t\t\t\t<\/h4>\n\t\t\t\t\t\t\t\t\t\t\t\t\t\t\t\t\t\t\t<\/div>\n\t\t\t\t\t\t\t\t\t\t\t\t\t\t\t\t\t\t\t\t\t<\/div>\n\t\t\t\t\t\t<div class=\"shadow shadow-top\" aria-hidden=\"true\"><\/div>\n\t\t\t\t\t\t<div class=\"shadow shadow-bottom\" aria-hidden=\"true\"><\/div>\n\t\t\t\t\t<\/div>\n\t\t\t\t<\/div>\n\n\t\t\t\t<div class=\"e-tabs-content-wrapper\" role=\"tablist\" aria-orientation=\"vertical\">\n\t\t\t\t\t\t\t\t\t\t\t<div id=\"e-tab-content-7491\" class=\"e-tab-content elementor-clearfix\" data-tab=\"1\" role=\"tabpanel\" aria-labelledby=\"e-tab-title-7491\" tabindex=\"0\" data-video-url=\"https:\/\/youtu.be\/m7ht5mqN0Ck\" data-video-type=\"youtube\" data-video-title=\"\" data-video-duration=\"3:15\">\n\t\t\t\t\t\t\t<div><\/div>\n\t\t\t\t\t\t\t\t\t\t\t\t\t<\/div>\n\t\t\t\t\t\t\t\t\t\t\t<div id=\"e-tab-content-7492\" class=\"e-tab-content elementor-clearfix\" data-tab=\"2\" role=\"tabpanel\" aria-labelledby=\"e-tab-title-7492\" tabindex=\"0\" data-video-url=\"https:\/\/youtu.be\/vFUOLBnUNkI\" data-video-type=\"youtube\" data-video-title=\"\" data-video-duration=\"3:17\" hidden=\"hidden\">\n\t\t\t\t\t\t\t<div><\/div>\n\t\t\t\t\t\t\t\t\t\t\t\t\t<\/div>\n\t\t\t\t\t\t\t\t\t\t\t<div id=\"e-tab-content-7493\" class=\"e-tab-content elementor-clearfix\" data-tab=\"3\" role=\"tabpanel\" aria-labelledby=\"e-tab-title-7493\" tabindex=\"0\" data-video-url=\"https:\/\/youtu.be\/55Z9lRUoFeU\" data-video-type=\"youtube\" data-video-title=\"\" data-video-duration=\"3:00\" hidden=\"hidden\">\n\t\t\t\t\t\t\t<div><\/div>\n\t\t\t\t\t\t\t\t\t\t\t\t\t<\/div>\n\t\t\t\t\t\t\t\t\t<\/div>\n\t\t\t<\/div>\n\n\t\t\t<div class=\"e-tabs-inner-tabs\" >\n\t\t\t\t\t\t\t\t\t\t\t\t\t\t\t\t\t\t\t\t\t\t\t\t\t\t\t\t\t\t\t\t\t\t<\/div>\n\t\t<\/div>\n\t\t\t\t\t\t<\/div>\n\t\t\t\t<\/div>\n\t\t\t\t<div class=\"elementor-element elementor-element-383ab152 elementor-widget elementor-widget-text-editor\" data-id=\"383ab152\" data-element_type=\"widget\" data-widget_type=\"text-editor.default\">\n\t\t\t\t<div class=\"elementor-widget-container\">\n\t\t\t\t\t\t\t\t\t<p>Baixe e reveja os cat\u00e1logos e v\u00eddeos das duas exposi\u00e7\u00f5es anteriores:<\/p>\t\t\t\t\t\t\t\t<\/div>\n\t\t\t\t<\/div>\n\t\t\t\t<div class=\"elementor-element elementor-element-4a115eb3 elementor-widget elementor-widget-heading\" data-id=\"4a115eb3\" data-element_type=\"widget\" data-widget_type=\"heading.default\">\n\t\t\t\t<div class=\"elementor-widget-container\">\n\t\t\t\t\t<h2 class=\"elementor-heading-title elementor-size-medium\"><a href=\"https:\/\/tinyurl.com\/5n8bbtv4\" target=\"_blank\">CAT\u00c1LOGO 2015 | Homo Faber 1.0<\/a><\/h2>\t\t\t\t<\/div>\n\t\t\t\t<\/div>\n\t\t\t\t<div class=\"elementor-element elementor-element-3035736f elementor-widget elementor-widget-heading\" data-id=\"3035736f\" data-element_type=\"widget\" data-widget_type=\"heading.default\">\n\t\t\t\t<div class=\"elementor-widget-container\">\n\t\t\t\t\t<h2 class=\"elementor-heading-title elementor-size-medium\"><a href=\"https:\/\/www.youtube.com\/channel\/UCeyEsC7GCAANrkyqblYENaQ\" target=\"_blank\">Videos 2015 | Homo Faber 1.0<\/a><\/h2>\t\t\t\t<\/div>\n\t\t\t\t<\/div>\n\t\t\t\t<div class=\"elementor-element elementor-element-7f25638c elementor-widget elementor-widget-heading\" data-id=\"7f25638c\" data-element_type=\"widget\" data-widget_type=\"heading.default\">\n\t\t\t\t<div class=\"elementor-widget-container\">\n\t\t\t\t\t<h2 class=\"elementor-heading-title elementor-size-medium\"><a href=\"https:\/\/tinyurl.com\/23p3d7m9\" target=\"_blank\">Cat\u00e1logo 2018 | Homo Faber 2.0<\/a><\/h2>\t\t\t\t<\/div>\n\t\t\t\t<\/div>\n\t\t\t\t<div class=\"elementor-element elementor-element-3e196f94 elementor-widget elementor-widget-heading\" data-id=\"3e196f94\" data-element_type=\"widget\" data-widget_type=\"heading.default\">\n\t\t\t\t<div class=\"elementor-widget-container\">\n\t\t\t\t\t<h2 class=\"elementor-heading-title elementor-size-medium\"><a href=\"https:\/\/www.youtube.com\/channel\/UCqFJ8miEFLN4552gxXMt1Xg\" target=\"_blank\">Videos 2018 | Homo Faber 2.0<\/a><\/h2>\t\t\t\t<\/div>\n\t\t\t\t<\/div>\n\t\t\t\t\t<\/div>\n\t\t<\/div>\n\t\t\t\t\t<\/div>\n\t\t<\/section>\n\t\t\t\t<section class=\"elementor-section elementor-top-section elementor-element elementor-element-517bc29 elementor-section-boxed elementor-section-height-default elementor-section-height-default\" data-id=\"517bc29\" data-element_type=\"section\">\n\t\t\t\t\t\t<div class=\"elementor-container elementor-column-gap-default\">\n\t\t\t\t\t<div class=\"elementor-column elementor-col-100 elementor-top-column elementor-element elementor-element-c18e806\" data-id=\"c18e806\" data-element_type=\"column\">\n\t\t\t<div class=\"elementor-widget-wrap\">\n\t\t\t\t\t\t\t<\/div>\n\t\t<\/div>\n\t\t\t\t\t<\/div>\n\t\t<\/section>\n\t\t\t\t<\/div>\n\t\t","protected":false},"excerpt":{"rendered":"<p>HOMO FABER 3.0 CHAMADA PARA PROJETOS Homo Faber 3.0A chamada de projetos para Homo Faber 3.0 est\u00e1 aberta. Data limite para inscri\u00e7\u00e3o: Segunda-feira 18 de julho de 2022Formul\u00e1rio de registroCategorias Homo Faber 3.0Artistic and Hacking | Bottom up, Community and Craft | Construction Components | Low-High Technologies | Robotic Strategies | Pedagogical Elements | Mobile [&hellip;]<\/p>\n","protected":false},"author":1,"featured_media":0,"parent":0,"menu_order":0,"comment_status":"closed","ping_status":"closed","template":"","meta":{"site-sidebar-layout":"no-sidebar","site-content-layout":"page-builder","ast-site-content-layout":"default","site-content-style":"default","site-sidebar-style":"default","ast-global-header-display":"","ast-banner-title-visibility":"","ast-main-header-display":"","ast-hfb-above-header-display":"","ast-hfb-below-header-display":"","ast-hfb-mobile-header-display":"","site-post-title":"disabled","ast-breadcrumbs-content":"","ast-featured-img":"disabled","footer-sml-layout":"","ast-disable-related-posts":"","theme-transparent-header-meta":"","adv-header-id-meta":"","stick-header-meta":"","header-above-stick-meta":"","header-main-stick-meta":"","header-below-stick-meta":"","astra-migrate-meta-layouts":"default","ast-page-background-enabled":"default","ast-page-background-meta":{"desktop":{"background-color":"","background-image":"","background-repeat":"repeat","background-position":"center center","background-size":"auto","background-attachment":"scroll","background-type":"","background-media":"","overlay-type":"","overlay-color":"","overlay-opacity":"","overlay-gradient":""},"tablet":{"background-color":"","background-image":"","background-repeat":"repeat","background-position":"center center","background-size":"auto","background-attachment":"scroll","background-type":"","background-media":"","overlay-type":"","overlay-color":"","overlay-opacity":"","overlay-gradient":""},"mobile":{"background-color":"","background-image":"","background-repeat":"repeat","background-position":"center center","background-size":"auto","background-attachment":"scroll","background-type":"","background-media":"","overlay-type":"","overlay-color":"","overlay-opacity":"","overlay-gradient":""}},"ast-content-background-meta":{"desktop":{"background-color":"var(--ast-global-color-5)","background-image":"","background-repeat":"repeat","background-position":"center center","background-size":"auto","background-attachment":"scroll","background-type":"","background-media":"","overlay-type":"","overlay-color":"","overlay-opacity":"","overlay-gradient":""},"tablet":{"background-color":"var(--ast-global-color-5)","background-image":"","background-repeat":"repeat","background-position":"center center","background-size":"auto","background-attachment":"scroll","background-type":"","background-media":"","overlay-type":"","overlay-color":"","overlay-opacity":"","overlay-gradient":""},"mobile":{"background-color":"var(--ast-global-color-5)","background-image":"","background-repeat":"repeat","background-position":"center center","background-size":"auto","background-attachment":"scroll","background-type":"","background-media":"","overlay-type":"","overlay-color":"","overlay-opacity":"","overlay-gradient":""}},"footnotes":""},"class_list":["post-3709","page","type-page","status-publish","hentry"],"_links":{"self":[{"href":"https:\/\/www.sigradi.org\/sigradi2022\/wp-json\/wp\/v2\/pages\/3709","targetHints":{"allow":["GET"]}}],"collection":[{"href":"https:\/\/www.sigradi.org\/sigradi2022\/wp-json\/wp\/v2\/pages"}],"about":[{"href":"https:\/\/www.sigradi.org\/sigradi2022\/wp-json\/wp\/v2\/types\/page"}],"author":[{"embeddable":true,"href":"https:\/\/www.sigradi.org\/sigradi2022\/wp-json\/wp\/v2\/users\/1"}],"replies":[{"embeddable":true,"href":"https:\/\/www.sigradi.org\/sigradi2022\/wp-json\/wp\/v2\/comments?post=3709"}],"version-history":[{"count":23,"href":"https:\/\/www.sigradi.org\/sigradi2022\/wp-json\/wp\/v2\/pages\/3709\/revisions"}],"predecessor-version":[{"id":3985,"href":"https:\/\/www.sigradi.org\/sigradi2022\/wp-json\/wp\/v2\/pages\/3709\/revisions\/3985"}],"wp:attachment":[{"href":"https:\/\/www.sigradi.org\/sigradi2022\/wp-json\/wp\/v2\/media?parent=3709"}],"curies":[{"name":"wp","href":"https:\/\/api.w.org\/{rel}","templated":true}]}}