{"id":3904,"date":"2022-07-01T00:37:26","date_gmt":"2022-07-01T00:37:26","guid":{"rendered":"https:\/\/www.sigradi.org\/sigradi2022\/?page_id=3904"},"modified":"2022-07-01T03:07:05","modified_gmt":"2022-07-01T03:07:05","slug":"phd-workshop-pt","status":"publish","type":"page","link":"https:\/\/www.sigradi.org\/sigradi2022\/phd-workshop-pt\/","title":{"rendered":"PhD Workshop"},"content":{"rendered":"\t\t<div data-elementor-type=\"wp-page\" data-elementor-id=\"3904\" class=\"elementor elementor-3904\" data-elementor-post-type=\"page\">\n\t\t\t\t\t\t<section class=\"elementor-section elementor-top-section elementor-element elementor-element-34ff77c1 elementor-section-boxed elementor-section-height-default elementor-section-height-default\" data-id=\"34ff77c1\" data-element_type=\"section\">\n\t\t\t\t\t\t<div class=\"elementor-container elementor-column-gap-default\">\n\t\t\t\t\t<div class=\"elementor-column elementor-col-50 elementor-top-column elementor-element elementor-element-36d24e9f\" data-id=\"36d24e9f\" data-element_type=\"column\">\n\t\t\t<div class=\"elementor-widget-wrap elementor-element-populated\">\n\t\t\t\t\t\t<div class=\"elementor-element elementor-element-45520dd3 elementor-widget elementor-widget-heading\" data-id=\"45520dd3\" data-element_type=\"widget\" data-widget_type=\"heading.default\">\n\t\t\t\t<div class=\"elementor-widget-container\">\n\t\t\t\t\t<h2 class=\"elementor-heading-title elementor-size-default\">Workshop Ph.D. Virtual - Chamada para submiss\u00f5es<\/h2>\t\t\t\t<\/div>\n\t\t\t\t<\/div>\n\t\t\t\t<div class=\"elementor-element elementor-element-7adf77cb elementor-widget elementor-widget-text-editor\" data-id=\"7adf77cb\" data-element_type=\"widget\" data-widget_type=\"text-editor.default\">\n\t\t\t\t<div class=\"elementor-widget-container\">\n\t\t\t\t\t\t\t\t\t<p><span style=\"color: var(--ast-global-color-3); font-size: 16px;\">O Workshop de Doutorado (PhD Workshop) da SIGraDi \u00e9 uma oportunidade \u00fanica para xs alunxs de doutorado apresentarem e discutirem suas propostas de pesquisa no campo CAAD e t\u00f3picos relacionados. O workshop visa promover a intera\u00e7\u00e3o entre estudantes de doutorado e pesquisadorxs mais experientes e a colabora\u00e7\u00e3o entre estudantes de doutorado que trabalham em t\u00f3picos semelhantes. As submiss\u00f5es de alunxs em qualquer est\u00e1gio<br>da pesquisa s\u00e3o bem-vindas. O workshop acontecer\u00e1 nos dias 7 e 8 de novembro de 2022, das 9h \u00e0s 11:30h (GMT -3:00). Ser\u00e3o aceitas at\u00e9 10 propostas. Caso sejam aprovadas mais de 10 propostas no processo de avalia\u00e7\u00e3o, ser\u00e3o selecionadas as que representam a<br>diversidade de t\u00f3picos na \u00e1rea. Xs demais candidatxs ser\u00e3o convidados a participar do<br>workshop como ouvintes. O Comit\u00ea selecionar\u00e1 a melhor apresenta\u00e7\u00e3o, que receber\u00e1 um certificado e uma inscri\u00e7\u00e3o no Congresso SIGraDi (ou reembolso), que inclui um ano de filia\u00e7\u00e3o \u00e0 sociedade. Al\u00e9m disso, as melhores apresenta\u00e7\u00f5es podem ser selecionadas<br>para o Workshop Global de Doutorado (Global PhD Workshop).<\/span><\/p>\n<p><span lang=\"EN-US\"><b>Diretrizes de submiss\u00e3o<br><\/b><\/span><span style=\"font-style: inherit; font-weight: inherit; color: var(--ast-global-color-3);\">As propostas podem ser escritas em ingl\u00eas,&nbsp;<\/span><span style=\"font-style: inherit; font-weight: inherit; color: var(--ast-global-color-3);\">portugu\u00eas ou espanhol e dever\u00e3o ter no&nbsp;<\/span><span style=\"font-style: inherit; font-weight: inherit; color: var(--ast-global-color-3);\">m\u00e1ximo 2.000 palavras. As inscri\u00e7\u00f5es&nbsp;<\/span><span style=\"font-style: inherit; font-weight: inherit; color: var(--ast-global-color-3);\">devem ser de autoria pr\u00f3pria e o nome do&nbsp;<\/span><span style=\"font-style: inherit; font-weight: inherit; color: var(--ast-global-color-3);\">orientador deve ser indicado.<\/span><\/p><p>Os participantes do workshop tamb\u00e9m&nbsp;<span style=\"font-style: inherit; font-weight: inherit; color: var(--ast-global-color-3);\">podem enviar artigos ao congresso do&nbsp;<\/span><span style=\"font-style: inherit; font-weight: inherit; color: var(--ast-global-color-3);\">SIGraDi, mesmo que o t\u00edtulo ou o conte\u00fado&nbsp;<\/span><span style=\"font-style: inherit; font-weight: inherit; color: var(--ast-global-color-3);\">seja semelhante.<\/span><\/p>\n<p><b>Processo de avalia\u00e7\u00e3o<br><\/b>O processo de avalia\u00e7\u00e3o levar\u00e1 em&nbsp;considera\u00e7\u00e3o a qualidade da proposta de pesquisa e a reda\u00e7\u00e3o acad\u00eamica. As apresenta\u00e7\u00f5es e discuss\u00f5es ser\u00e3o em ingl\u00eas, portugu\u00eas ou espanhol, mas os slides da apresenta\u00e7\u00e3o final devem ser preferencialmente em ingl\u00eas.<\/p>\n<p><b>Comit\u00ea do PhD Workshop<\/b><br><span style=\"font-style: inherit; font-weight: inherit; color: var(--ast-global-color-3);\">Frederico Braida (Presidente) | Universidade Federal de Juiz de Fora | <strong>Brazil<\/strong>.<br><\/span><span style=\"font-style: inherit; font-weight: inherit; color: var(--ast-global-color-3);\">Fernando Lima |&nbsp;Belmont University | <strong>United States<\/strong><br><\/span>Maria Elena Tosello | Universidad Nacional del Litoral | <strong>Argentina<\/strong><br>Paula Gomez | Georgia Tech Research Institute | <strong>United States<\/strong><br><span style=\"color: var(--ast-global-color-3); font-style: inherit; font-weight: inherit;\">Rodrigo Martin-Iglesias | Universidad de Buenos Aires | <strong>Argentina<\/strong><br><\/span><span style=\"font-style: inherit; font-weight: inherit; color: var(--ast-global-color-3);\">Silvia Patricia Hern\u00e1ndez | Universidad&nbsp; Nacional de C\u00f3rdova | <strong>Argentina<\/strong><\/span><\/p>\t\t\t\t\t\t\t\t<\/div>\n\t\t\t\t<\/div>\n\t\t\t\t\t<\/div>\n\t\t<\/div>\n\t\t\t\t<div class=\"elementor-column elementor-col-50 elementor-top-column elementor-element elementor-element-1326577\" data-id=\"1326577\" data-element_type=\"column\">\n\t\t\t<div class=\"elementor-widget-wrap elementor-element-populated\">\n\t\t\t\t\t\t<div class=\"elementor-element elementor-element-7d77d6e2 elementor-widget elementor-widget-heading\" data-id=\"7d77d6e2\" data-element_type=\"widget\" data-widget_type=\"heading.default\">\n\t\t\t\t<div class=\"elementor-widget-container\">\n\t\t\t\t\t<h2 class=\"elementor-heading-title elementor-size-default\">Datas e SUBMISS\u00e3o<\/h2>\t\t\t\t<\/div>\n\t\t\t\t<\/div>\n\t\t\t\t<div class=\"elementor-element elementor-element-52d66335 elementor-widget elementor-widget-text-editor\" data-id=\"52d66335\" data-element_type=\"widget\" data-widget_type=\"text-editor.default\">\n\t\t\t\t<div class=\"elementor-widget-container\">\n\t\t\t\t\t\t\t\t\t<p style=\"text-align: center;\">Por favor, use o modelo de proposta de pesquisa e envie sua proposta de pesquisa<\/p>\t\t\t\t\t\t\t\t<\/div>\n\t\t\t\t<\/div>\n\t\t\t\t<div class=\"elementor-element elementor-element-dadb104 elementor-align-center elementor-widget elementor-widget-button\" data-id=\"dadb104\" data-element_type=\"widget\" data-widget_type=\"button.default\">\n\t\t\t\t<div class=\"elementor-widget-container\">\n\t\t\t\t\t\t\t\t\t<div class=\"elementor-button-wrapper\">\n\t\t\t\t\t<a class=\"elementor-button elementor-button-link elementor-size-sm\" href=\"https:\/\/www.sigradi.org\/sigradi2022\/wp-content\/uploads\/2022\/06\/SIGraDi-2022-PhD-Workshop-Template.docx\">\n\t\t\t\t\t\t<span class=\"elementor-button-content-wrapper\">\n\t\t\t\t\t\t<span class=\"elementor-button-icon\">\n\t\t\t\t<i aria-hidden=\"true\" class=\"far fa-file-word\"><\/i>\t\t\t<\/span>\n\t\t\t\t\t\t\t\t\t<span class=\"elementor-button-text\">Modelo de Proposta de Pesquisa<\/span>\n\t\t\t\t\t<\/span>\n\t\t\t\t\t<\/a>\n\t\t\t\t<\/div>\n\t\t\t\t\t\t\t\t<\/div>\n\t\t\t\t<\/div>\n\t\t\t\t<div class=\"elementor-element elementor-element-536e5c2d elementor-align-center elementor-widget elementor-widget-button\" data-id=\"536e5c2d\" data-element_type=\"widget\" data-widget_type=\"button.default\">\n\t\t\t\t<div class=\"elementor-widget-container\">\n\t\t\t\t\t\t\t\t\t<div class=\"elementor-button-wrapper\">\n\t\t\t\t\t<a class=\"elementor-button elementor-button-link elementor-size-sm\" href=\"https:\/\/docs.google.com\/forms\/d\/e\/1FAIpQLSeDVtkXTpgptkfsF5fAk7QeaX3-6JU7NHVv632kb_akgbuquQ\/viewform?usp=sf_link\">\n\t\t\t\t\t\t<span class=\"elementor-button-content-wrapper\">\n\t\t\t\t\t\t<span class=\"elementor-button-icon\">\n\t\t\t\t<i aria-hidden=\"true\" class=\"far fa-list-alt\"><\/i>\t\t\t<\/span>\n\t\t\t\t\t\t\t\t\t<span class=\"elementor-button-text\">Formul\u00e1rio de aplica\u00e7\u00e3o<\/span>\n\t\t\t\t\t<\/span>\n\t\t\t\t\t<\/a>\n\t\t\t\t<\/div>\n\t\t\t\t\t\t\t\t<\/div>\n\t\t\t\t<\/div>\n\t\t\t\t<div class=\"elementor-element elementor-element-30e61570 elementor-widget elementor-widget-text-editor\" data-id=\"30e61570\" data-element_type=\"widget\" data-widget_type=\"text-editor.default\">\n\t\t\t\t<div class=\"elementor-widget-container\">\n\t\t\t\t\t\t\t\t\t<p><strong>Submiss\u00e3o de proposta<\/strong><br \/>5 de setembro de 2022<\/p><p><strong>Notifica\u00e7\u00e3o de propostas aprovadas<\/strong><br \/>10 de outubro de 2022<\/p><p><strong>Submiss\u00e3o dos slides de apresenta\u00e7\u00e3o<\/strong><br \/>31 de outubro de 2022<\/p><p><strong>Workshop de Doutorado (PhD Workshop)<\/strong><br \/>7 e 8 de novembro de 2022<\/p>\t\t\t\t\t\t\t\t<\/div>\n\t\t\t\t<\/div>\n\t\t\t\t\t<\/div>\n\t\t<\/div>\n\t\t\t\t\t<\/div>\n\t\t<\/section>\n\t\t\t\t<\/div>\n\t\t","protected":false},"excerpt":{"rendered":"<p>Workshop Ph.D. Virtual &#8211; Chamada para submiss\u00f5es O Workshop de Doutorado (PhD Workshop) da SIGraDi \u00e9 uma oportunidade \u00fanica para xs alunxs de doutorado apresentarem e discutirem suas propostas de pesquisa no campo CAAD e t\u00f3picos relacionados. O workshop visa promover a intera\u00e7\u00e3o entre estudantes de doutorado e pesquisadorxs mais experientes e a colabora\u00e7\u00e3o entre [&hellip;]<\/p>\n","protected":false},"author":1,"featured_media":0,"parent":0,"menu_order":0,"comment_status":"closed","ping_status":"closed","template":"","meta":{"site-sidebar-layout":"no-sidebar","site-content-layout":"page-builder","ast-site-content-layout":"default","site-content-style":"default","site-sidebar-style":"default","ast-global-header-display":"","ast-banner-title-visibility":"","ast-main-header-display":"","ast-hfb-above-header-display":"","ast-hfb-below-header-display":"","ast-hfb-mobile-header-display":"","site-post-title":"disabled","ast-breadcrumbs-content":"","ast-featured-img":"disabled","footer-sml-layout":"","ast-disable-related-posts":"","theme-transparent-header-meta":"","adv-header-id-meta":"","stick-header-meta":"","header-above-stick-meta":"","header-main-stick-meta":"","header-below-stick-meta":"","astra-migrate-meta-layouts":"default","ast-page-background-enabled":"default","ast-page-background-meta":{"desktop":{"background-color":"","background-image":"","background-repeat":"repeat","background-position":"center center","background-size":"auto","background-attachment":"scroll","background-type":"","background-media":"","overlay-type":"","overlay-color":"","overlay-opacity":"","overlay-gradient":""},"tablet":{"background-color":"","background-image":"","background-repeat":"repeat","background-position":"center center","background-size":"auto","background-attachment":"scroll","background-type":"","background-media":"","overlay-type":"","overlay-color":"","overlay-opacity":"","overlay-gradient":""},"mobile":{"background-color":"","background-image":"","background-repeat":"repeat","background-position":"center center","background-size":"auto","background-attachment":"scroll","background-type":"","background-media":"","overlay-type":"","overlay-color":"","overlay-opacity":"","overlay-gradient":""}},"ast-content-background-meta":{"desktop":{"background-color":"var(--ast-global-color-5)","background-image":"","background-repeat":"repeat","background-position":"center center","background-size":"auto","background-attachment":"scroll","background-type":"","background-media":"","overlay-type":"","overlay-color":"","overlay-opacity":"","overlay-gradient":""},"tablet":{"background-color":"var(--ast-global-color-5)","background-image":"","background-repeat":"repeat","background-position":"center center","background-size":"auto","background-attachment":"scroll","background-type":"","background-media":"","overlay-type":"","overlay-color":"","overlay-opacity":"","overlay-gradient":""},"mobile":{"background-color":"var(--ast-global-color-5)","background-image":"","background-repeat":"repeat","background-position":"center center","background-size":"auto","background-attachment":"scroll","background-type":"","background-media":"","overlay-type":"","overlay-color":"","overlay-opacity":"","overlay-gradient":""}},"footnotes":""},"class_list":["post-3904","page","type-page","status-publish","hentry"],"_links":{"self":[{"href":"https:\/\/www.sigradi.org\/sigradi2022\/wp-json\/wp\/v2\/pages\/3904","targetHints":{"allow":["GET"]}}],"collection":[{"href":"https:\/\/www.sigradi.org\/sigradi2022\/wp-json\/wp\/v2\/pages"}],"about":[{"href":"https:\/\/www.sigradi.org\/sigradi2022\/wp-json\/wp\/v2\/types\/page"}],"author":[{"embeddable":true,"href":"https:\/\/www.sigradi.org\/sigradi2022\/wp-json\/wp\/v2\/users\/1"}],"replies":[{"embeddable":true,"href":"https:\/\/www.sigradi.org\/sigradi2022\/wp-json\/wp\/v2\/comments?post=3904"}],"version-history":[{"count":10,"href":"https:\/\/www.sigradi.org\/sigradi2022\/wp-json\/wp\/v2\/pages\/3904\/revisions"}],"predecessor-version":[{"id":3931,"href":"https:\/\/www.sigradi.org\/sigradi2022\/wp-json\/wp\/v2\/pages\/3904\/revisions\/3931"}],"wp:attachment":[{"href":"https:\/\/www.sigradi.org\/sigradi2022\/wp-json\/wp\/v2\/media?parent=3904"}],"curies":[{"name":"wp","href":"https:\/\/api.w.org\/{rel}","templated":true}]}}