{"id":3915,"date":"2022-07-01T00:40:24","date_gmt":"2022-07-01T00:40:24","guid":{"rendered":"https:\/\/www.sigradi.org\/sigradi2022\/?page_id=3915"},"modified":"2022-07-01T03:06:04","modified_gmt":"2022-07-01T03:06:04","slug":"phd-workshop-es","status":"publish","type":"page","link":"https:\/\/www.sigradi.org\/sigradi2022\/phd-workshop-es\/","title":{"rendered":"PhD Workshop"},"content":{"rendered":"\t\t<div data-elementor-type=\"wp-page\" data-elementor-id=\"3915\" class=\"elementor elementor-3915\" data-elementor-post-type=\"page\">\n\t\t\t\t\t\t<section class=\"elementor-section elementor-top-section elementor-element elementor-element-1b0e8f03 elementor-section-boxed elementor-section-height-default elementor-section-height-default\" data-id=\"1b0e8f03\" data-element_type=\"section\">\n\t\t\t\t\t\t<div class=\"elementor-container elementor-column-gap-default\">\n\t\t\t\t\t<div class=\"elementor-column elementor-col-50 elementor-top-column elementor-element elementor-element-69e7ee27\" data-id=\"69e7ee27\" data-element_type=\"column\">\n\t\t\t<div class=\"elementor-widget-wrap elementor-element-populated\">\n\t\t\t\t\t\t<div class=\"elementor-element elementor-element-5c7f5cfc elementor-widget elementor-widget-heading\" data-id=\"5c7f5cfc\" data-element_type=\"widget\" data-widget_type=\"heading.default\">\n\t\t\t\t<div class=\"elementor-widget-container\">\n\t\t\t\t\t<h2 class=\"elementor-heading-title elementor-size-default\">Workshop Ph.D. Virtual - Convocatoria a propuestas<\/h2>\t\t\t\t<\/div>\n\t\t\t\t<\/div>\n\t\t\t\t<div class=\"elementor-element elementor-element-1e2a2942 elementor-widget elementor-widget-text-editor\" data-id=\"1e2a2942\" data-element_type=\"widget\" data-widget_type=\"text-editor.default\">\n\t\t\t\t<div class=\"elementor-widget-container\">\n\t\t\t\t\t\t\t\t\t<p><span style=\"color: var(--ast-global-color-3); font-size: 16px;\">El Taller de Doctorado (PhD Workshop) de\u00a0SIGraDi es una oportunidad \u00fanica para que<br \/>lxs estudiantes de doctorado presenten y\u00a0discutan sus propuestas de investigaci\u00f3n<br \/>en el campo del CAAD y temas\u00a0relacionados. El taller tiene como objetivo\u00a0promover la interacci\u00f3n entre estudiantes de doctorado e\u00a0investigadores m\u00e1s experimentados, as\u00ed<br \/>como la colaboraci\u00f3n entre\u00a0 estudiantes\u00a0de doctorado que trabajan en temas similares. Se aceptan inscripciones de estudiantes en cualquier etapa de la\u00a0investigaci\u00f3n.<br \/>El taller tendr\u00e1 lugar los d\u00edas 7 y 8 de\u00a0noviembre de 9 a 11:30hs (GMT -3:00). Se\u00a0planea discutir hasta 10 propuestas. En\u00a0caso de que se aprueben m\u00e1s de 10\u00a0propuestas en el proceso de revisi\u00f3n, se\u00a0seleccionar\u00e1n para su presentaci\u00f3n las que\u00a0representen la diversidad de temas del<br \/>\u00e1rea. Lxs candidatxs restantes ser\u00e1n bienvenidxs a asistir al taller como oyentes.<br \/>El Comit\u00e9 seleccionar\u00e1 a la mejor presentaci\u00f3n, que recibir\u00e1 un certificado y una inscripci\u00f3n como asistente al Congreso de SIGraDi (o su reembolso), que incluye la membres\u00eda a la sociedad por un a\u00f1o. Adem\u00e1s las mejores presentaciones podr\u00edan ser seleccionadas para el Taller Mundial de Doctorado (Global PhD\u00a0Workshop).<\/span><\/p><p><span lang=\"EN-US\"><b>Directrices de presentaci\u00f3n<br \/><\/b><\/span><span style=\"color: var(--ast-global-color-3); font-style: inherit; font-weight: inherit;\">La propuesta de investigaci\u00f3n debe\u00a0describir y contextualizar el problema,\u00a0presentar su pertinencia, los m\u00e9todos que\u00a0se utilizar\u00e1n para desarrollarlo y la\u00a0contribuci\u00f3n que se espera obtener en este\u00a0campo<\/span><span style=\"font-style: inherit; font-weight: inherit; color: var(--ast-global-color-3);\">.\u00a0<\/span>Las propuestas pueden estar escritas en\u00a0<span style=\"font-style: inherit; font-weight: inherit; color: var(--ast-global-color-3);\">espa\u00f1ol, portugu\u00e9s o ingl\u00e9s y pueden tener\u00a0<\/span><span style=\"font-style: inherit; font-weight: inherit; color: var(--ast-global-color-3);\">un m\u00e1ximo de 2.000 palabras. Los trabajos\u00a0<\/span><span style=\"font-style: inherit; font-weight: inherit; color: var(--ast-global-color-3);\">deben ser de autor\u00eda \u00fanica y en la\u00a0<\/span><span style=\"font-style: inherit; font-weight: inherit; color: var(--ast-global-color-3);\">propuesta debe figurar el nombre de su\u00a0<\/span><span style=\"font-style: inherit; font-weight: inherit; color: var(--ast-global-color-3);\">Director\/a.<\/span><\/p><p>Cada participantes del taller puede\u00a0<span style=\"font-style: inherit; font-weight: inherit; color: var(--ast-global-color-3);\">enviar art\u00edculos al congreso SIGraDi,\u00a0<\/span><span style=\"font-style: inherit; font-weight: inherit; color: var(--ast-global-color-3);\">aunque el t\u00edtulo o el contenido sea parecido.<\/span><\/p><p><b>Proceso de revisi\u00f3n<br \/><\/b><span style=\"font-style: inherit; font-weight: inherit; color: var(--ast-global-color-3);\">En el proceso de revisi\u00f3n se tendr\u00e1 en\u00a0<\/span><span style=\"font-style: inherit; font-weight: inherit; color: var(--ast-global-color-3);\">cuenta la calidad de la propuesta de\u00a0<\/span><span style=\"font-style: inherit; font-weight: inherit; color: var(--ast-global-color-3);\">investigaci\u00f3n y de la redacci\u00f3n acad\u00e9mica.\u00a0<\/span><span style=\"font-style: inherit; font-weight: inherit; color: var(--ast-global-color-3);\">Las presentaciones y discusiones ser\u00e1n en\u00a0<\/span><span style=\"font-style: inherit; font-weight: inherit; color: var(--ast-global-color-3);\">ingl\u00e9s, portugu\u00e9s o espa\u00f1ol, pero las\u00a0<\/span><span style=\"font-style: inherit; font-weight: inherit; color: var(--ast-global-color-3);\">diapositivas finales deben estar\u00a0<\/span><span style=\"font-style: inherit; font-weight: inherit; color: var(--ast-global-color-3);\">preferentemente en ingl\u00e9s.<\/span><\/p><p><b>Comit\u00e9 del PhD Workshop<\/b><br \/><span style=\"font-style: inherit; font-weight: inherit; color: var(--ast-global-color-3);\">Frederico Braida (Chair) | Universidade Federal de Juiz de Fora | <strong>Brazil<\/strong>.<br \/><\/span><span style=\"font-style: inherit; font-weight: inherit; color: var(--ast-global-color-3);\">Fernando Lima |\u00a0Belmont University | <strong>United States<\/strong><br \/><\/span>Maria Elena Tosello | Universidad Nacional del Litoral | <strong>Argentina<\/strong><br \/>Paula Gomez | Georgia Tech Research Institute | <strong>United States<\/strong><br \/><span style=\"color: var(--ast-global-color-3); font-style: inherit; font-weight: inherit;\">Rodrigo Martin-Iglesias | Universidad de Buenos Aires | <strong>Argentina<\/strong><br \/><\/span><span style=\"font-style: inherit; font-weight: inherit; color: var(--ast-global-color-3);\">Silvia Patricia Hern\u00e1ndez | Universidad\u00a0 Nacional de C\u00f3rdova | <strong>Argentina<\/strong><\/span><\/p>\t\t\t\t\t\t\t\t<\/div>\n\t\t\t\t<\/div>\n\t\t\t\t\t<\/div>\n\t\t<\/div>\n\t\t\t\t<div class=\"elementor-column elementor-col-50 elementor-top-column elementor-element elementor-element-305c7fe5\" data-id=\"305c7fe5\" data-element_type=\"column\">\n\t\t\t<div class=\"elementor-widget-wrap elementor-element-populated\">\n\t\t\t\t\t\t<div class=\"elementor-element elementor-element-8e459b3 elementor-widget elementor-widget-heading\" data-id=\"8e459b3\" data-element_type=\"widget\" data-widget_type=\"heading.default\">\n\t\t\t\t<div class=\"elementor-widget-container\">\n\t\t\t\t\t<h2 class=\"elementor-heading-title elementor-size-default\">Fechas y ENV\u00cdO<\/h2>\t\t\t\t<\/div>\n\t\t\t\t<\/div>\n\t\t\t\t<div class=\"elementor-element elementor-element-1c867691 elementor-widget elementor-widget-text-editor\" data-id=\"1c867691\" data-element_type=\"widget\" data-widget_type=\"text-editor.default\">\n\t\t\t\t<div class=\"elementor-widget-container\">\n\t\t\t\t\t\t\t\t\t<p style=\"text-align: center;\">Utilice la plantilla de propuesta de investigaci\u00f3n y env\u00ede su propuesta de investigaci\u00f3n<\/p>\t\t\t\t\t\t\t\t<\/div>\n\t\t\t\t<\/div>\n\t\t\t\t<div class=\"elementor-element elementor-element-3223d487 elementor-align-center elementor-widget elementor-widget-button\" data-id=\"3223d487\" data-element_type=\"widget\" data-widget_type=\"button.default\">\n\t\t\t\t<div class=\"elementor-widget-container\">\n\t\t\t\t\t\t\t\t\t<div class=\"elementor-button-wrapper\">\n\t\t\t\t\t<a class=\"elementor-button elementor-button-link elementor-size-sm\" href=\"https:\/\/www.sigradi.org\/sigradi2022\/wp-content\/uploads\/2022\/06\/SIGraDi-2022-PhD-Workshop-Template.docx\">\n\t\t\t\t\t\t<span class=\"elementor-button-content-wrapper\">\n\t\t\t\t\t\t<span class=\"elementor-button-icon\">\n\t\t\t\t<i aria-hidden=\"true\" class=\"far fa-file-word\"><\/i>\t\t\t<\/span>\n\t\t\t\t\t\t\t\t\t<span class=\"elementor-button-text\">Plantilla de propuesta de investigaci\u00f3n<\/span>\n\t\t\t\t\t<\/span>\n\t\t\t\t\t<\/a>\n\t\t\t\t<\/div>\n\t\t\t\t\t\t\t\t<\/div>\n\t\t\t\t<\/div>\n\t\t\t\t<div class=\"elementor-element elementor-element-54515dfd elementor-align-center elementor-widget elementor-widget-button\" data-id=\"54515dfd\" data-element_type=\"widget\" data-widget_type=\"button.default\">\n\t\t\t\t<div class=\"elementor-widget-container\">\n\t\t\t\t\t\t\t\t\t<div class=\"elementor-button-wrapper\">\n\t\t\t\t\t<a class=\"elementor-button elementor-button-link elementor-size-sm\" href=\"https:\/\/docs.google.com\/forms\/d\/e\/1FAIpQLSeDVtkXTpgptkfsF5fAk7QeaX3-6JU7NHVv632kb_akgbuquQ\/viewform?usp=sf_link\">\n\t\t\t\t\t\t<span class=\"elementor-button-content-wrapper\">\n\t\t\t\t\t\t<span class=\"elementor-button-icon\">\n\t\t\t\t<i aria-hidden=\"true\" class=\"far fa-list-alt\"><\/i>\t\t\t<\/span>\n\t\t\t\t\t\t\t\t\t<span class=\"elementor-button-text\">Formulario de aplicaci\u00f3n<\/span>\n\t\t\t\t\t<\/span>\n\t\t\t\t\t<\/a>\n\t\t\t\t<\/div>\n\t\t\t\t\t\t\t\t<\/div>\n\t\t\t\t<\/div>\n\t\t\t\t<div class=\"elementor-element elementor-element-4fd2b045 elementor-widget elementor-widget-text-editor\" data-id=\"4fd2b045\" data-element_type=\"widget\" data-widget_type=\"text-editor.default\">\n\t\t\t\t<div class=\"elementor-widget-container\">\n\t\t\t\t\t\t\t\t\t<p><strong>Presentaci\u00f3n de las propuestas<\/strong><br \/><span style=\"font-size: 16px;\">5 de <\/span>septiembre de 2022<\/p><p><strong>Notificaci\u00f3n de propuestas aprobadas<\/strong><br \/>10 de octubre de 2022<\/p><p><strong>Env\u00edo de diapositivas de presentaci\u00f3n<\/strong><br \/>31 de octubre de 2022<\/p><p><strong>Taller de doctorado (PhD Workshop)<\/strong><br \/>7 y 8 de noviembre de 2022<\/p>\t\t\t\t\t\t\t\t<\/div>\n\t\t\t\t<\/div>\n\t\t\t\t\t<\/div>\n\t\t<\/div>\n\t\t\t\t\t<\/div>\n\t\t<\/section>\n\t\t\t\t<\/div>\n\t\t","protected":false},"excerpt":{"rendered":"<p>Workshop Ph.D. Virtual &#8211; Convocatoria a propuestas El Taller de Doctorado (PhD Workshop) de\u00a0SIGraDi es una oportunidad \u00fanica para quelxs estudiantes de doctorado presenten y\u00a0discutan sus propuestas de investigaci\u00f3nen el campo del CAAD y temas\u00a0relacionados. El taller tiene como objetivo\u00a0promover la interacci\u00f3n entre estudiantes de doctorado e\u00a0investigadores m\u00e1s experimentados, as\u00edcomo la colaboraci\u00f3n entre\u00a0 estudiantes\u00a0de doctorado [&hellip;]<\/p>\n","protected":false},"author":1,"featured_media":0,"parent":0,"menu_order":0,"comment_status":"closed","ping_status":"closed","template":"","meta":{"site-sidebar-layout":"no-sidebar","site-content-layout":"page-builder","ast-site-content-layout":"default","site-content-style":"default","site-sidebar-style":"default","ast-global-header-display":"","ast-banner-title-visibility":"","ast-main-header-display":"","ast-hfb-above-header-display":"","ast-hfb-below-header-display":"","ast-hfb-mobile-header-display":"","site-post-title":"disabled","ast-breadcrumbs-content":"","ast-featured-img":"disabled","footer-sml-layout":"","ast-disable-related-posts":"","theme-transparent-header-meta":"","adv-header-id-meta":"","stick-header-meta":"","header-above-stick-meta":"","header-main-stick-meta":"","header-below-stick-meta":"","astra-migrate-meta-layouts":"default","ast-page-background-enabled":"default","ast-page-background-meta":{"desktop":{"background-color":"","background-image":"","background-repeat":"repeat","background-position":"center center","background-size":"auto","background-attachment":"scroll","background-type":"","background-media":"","overlay-type":"","overlay-color":"","overlay-opacity":"","overlay-gradient":""},"tablet":{"background-color":"","background-image":"","background-repeat":"repeat","background-position":"center center","background-size":"auto","background-attachment":"scroll","background-type":"","background-media":"","overlay-type":"","overlay-color":"","overlay-opacity":"","overlay-gradient":""},"mobile":{"background-color":"","background-image":"","background-repeat":"repeat","background-position":"center center","background-size":"auto","background-attachment":"scroll","background-type":"","background-media":"","overlay-type":"","overlay-color":"","overlay-opacity":"","overlay-gradient":""}},"ast-content-background-meta":{"desktop":{"background-color":"var(--ast-global-color-5)","background-image":"","background-repeat":"repeat","background-position":"center center","background-size":"auto","background-attachment":"scroll","background-type":"","background-media":"","overlay-type":"","overlay-color":"","overlay-opacity":"","overlay-gradient":""},"tablet":{"background-color":"var(--ast-global-color-5)","background-image":"","background-repeat":"repeat","background-position":"center center","background-size":"auto","background-attachment":"scroll","background-type":"","background-media":"","overlay-type":"","overlay-color":"","overlay-opacity":"","overlay-gradient":""},"mobile":{"background-color":"var(--ast-global-color-5)","background-image":"","background-repeat":"repeat","background-position":"center center","background-size":"auto","background-attachment":"scroll","background-type":"","background-media":"","overlay-type":"","overlay-color":"","overlay-opacity":"","overlay-gradient":""}},"footnotes":""},"class_list":["post-3915","page","type-page","status-publish","hentry"],"_links":{"self":[{"href":"https:\/\/www.sigradi.org\/sigradi2022\/wp-json\/wp\/v2\/pages\/3915","targetHints":{"allow":["GET"]}}],"collection":[{"href":"https:\/\/www.sigradi.org\/sigradi2022\/wp-json\/wp\/v2\/pages"}],"about":[{"href":"https:\/\/www.sigradi.org\/sigradi2022\/wp-json\/wp\/v2\/types\/page"}],"author":[{"embeddable":true,"href":"https:\/\/www.sigradi.org\/sigradi2022\/wp-json\/wp\/v2\/users\/1"}],"replies":[{"embeddable":true,"href":"https:\/\/www.sigradi.org\/sigradi2022\/wp-json\/wp\/v2\/comments?post=3915"}],"version-history":[{"count":7,"href":"https:\/\/www.sigradi.org\/sigradi2022\/wp-json\/wp\/v2\/pages\/3915\/revisions"}],"predecessor-version":[{"id":3928,"href":"https:\/\/www.sigradi.org\/sigradi2022\/wp-json\/wp\/v2\/pages\/3915\/revisions\/3928"}],"wp:attachment":[{"href":"https:\/\/www.sigradi.org\/sigradi2022\/wp-json\/wp\/v2\/media?parent=3915"}],"curies":[{"name":"wp","href":"https:\/\/api.w.org\/{rel}","templated":true}]}}